{"id":230,"date":"2022-03-21T17:06:10","date_gmt":"2022-03-21T21:06:10","guid":{"rendered":"https:\/\/institutoasgard.com\/?page_id=230"},"modified":"2022-07-08T07:09:23","modified_gmt":"2022-07-08T11:09:23","slug":"terapias","status":"publish","type":"page","link":"https:\/\/institutoasgard.com\/index.php\/terapias\/","title":{"rendered":"Terapias"},"content":{"rendered":"\t\t<div data-elementor-type=\"wp-page\" data-elementor-id=\"230\" class=\"elementor elementor-230\" data-elementor-settings=\"[]\">\n\t\t\t\t\t\t<div class=\"elementor-inner\">\n\t\t\t\t\t\t\t<div class=\"elementor-section-wrap\">\n\t\t\t\t\t\t\t<section class=\"elementor-section elementor-top-section elementor-element elementor-element-81e0572 elementor-section-content-middle elementor-section-boxed elementor-section-height-default elementor-section-height-default\" data-id=\"81e0572\" data-element_type=\"section\">\n\t\t\t\t\t\t<div class=\"elementor-container elementor-column-gap-no\">\n\t\t\t\t\t\t\t<div class=\"elementor-row\">\n\t\t\t\t\t<div class=\"elementor-column elementor-col-100 elementor-top-column elementor-element elementor-element-606e49f7\" data-id=\"606e49f7\" data-element_type=\"column\">\n\t\t\t<div class=\"elementor-column-wrap elementor-element-populated\">\n\t\t\t\t\t\t\t<div class=\"elementor-widget-wrap\">\n\t\t\t\t\t\t<div class=\"elementor-element elementor-element-89bdb6b elementor-widget elementor-widget-wp-widget-text\" data-id=\"89bdb6b\" data-element_type=\"widget\" data-widget_type=\"wp-widget-text.default\">\n\t\t\t\t<div class=\"elementor-widget-container\">\n\t\t\t\t\t\t<div class=\"textwidget\"><p>La palabra griega \u201ctherapeuien\u201d significa en su uso original servir a los dioses. Los conflictos del alma surgen donde hay fuerzas irreconciliables que nos dividen o se interponen. La psicoterapia siempre ha sido un trabajo de mediaci\u00f3n o de reconciliaci\u00f3n en la soluci\u00f3n de conflictos. El esfuerzo permanente de cada facilitador de Constelaciones consiste en aceptar y\/o reconocer a cada persona, cada sistema, cada realidad tal y como es, de manera que tambi\u00e9n el consultante pueda reconocer m\u00e1s f\u00e1cilmente lo que necesita para resolver su problema y para su crecimiento. J. Schneider<\/p>\n<\/div>\n\t\t\t\t<\/div>\n\t\t\t\t<\/div>\n\t\t\t\t<div class=\"elementor-element elementor-element-6eb1b5b1 elementor-widget elementor-widget-heading\" data-id=\"6eb1b5b1\" data-element_type=\"widget\" data-widget_type=\"heading.default\">\n\t\t\t\t<div class=\"elementor-widget-container\">\n\t\t\t<h4 class=\"elementor-heading-title elementor-size-default\">Terapias<\/h4>\t\t<\/div>\n\t\t\t\t<\/div>\n\t\t\t\t<section class=\"elementor-section elementor-inner-section elementor-element elementor-element-2cadfd46 elementor-section-content-top elementor-section-boxed elementor-section-height-default elementor-section-height-default\" data-id=\"2cadfd46\" data-element_type=\"section\">\n\t\t\t\t\t\t<div class=\"elementor-container elementor-column-gap-default\">\n\t\t\t\t\t\t\t<div class=\"elementor-row\">\n\t\t\t\t\t<div class=\"elementor-column elementor-col-50 elementor-inner-column elementor-element elementor-element-247565c7\" data-id=\"247565c7\" data-element_type=\"column\">\n\t\t\t<div class=\"elementor-column-wrap elementor-element-populated\">\n\t\t\t\t\t\t\t<div class=\"elementor-widget-wrap\">\n\t\t\t\t\t\t<div class=\"elementor-element elementor-element-4bcca6cd elementor-widget elementor-widget-heading\" data-id=\"4bcca6cd\" data-element_type=\"widget\" data-widget_type=\"heading.default\">\n\t\t\t\t<div class=\"elementor-widget-container\">\n\t\t\t<h3 class=\"elementor-heading-title elementor-size-default\">Terapia individual o en pareja<\/h3>\t\t<\/div>\n\t\t\t\t<\/div>\n\t\t\t\t<div class=\"elementor-element elementor-element-1673a680 elementor-widget-divider--view-line elementor-widget elementor-widget-divider\" data-id=\"1673a680\" data-element_type=\"widget\" data-widget_type=\"divider.default\">\n\t\t\t\t<div class=\"elementor-widget-container\">\n\t\t\t\t\t<div class=\"elementor-divider\">\n\t\t\t<span class=\"elementor-divider-separator\">\n\t\t\t\t\t\t<\/span>\n\t\t<\/div>\n\t\t\t\t<\/div>\n\t\t\t\t<\/div>\n\t\t\t\t<div class=\"elementor-element elementor-element-1f00f588 elementor-widget elementor-widget-text-editor\" data-id=\"1f00f588\" data-element_type=\"widget\" data-widget_type=\"text-editor.default\">\n\t\t\t\t<div class=\"elementor-widget-container\">\n\t\t\t\t\t\t\t\t<div class=\"elementor-text-editor elementor-clearfix\">\n\t\t\t\t<p><img loading=\"lazy\" decoding=\"async\" class=\"alignnone size-medium wp-image-1312\" src=\"https:\/\/institutoasgard.com\/wp-content\/uploads\/2022\/05\/foto-terapia-individual-Astrid-constelaciones-300x274.jpg\" alt=\"\" width=\"300\" height=\"274\" srcset=\"https:\/\/institutoasgard.com\/wp-content\/uploads\/2022\/05\/foto-terapia-individual-Astrid-constelaciones-300x274.jpg 300w, https:\/\/institutoasgard.com\/wp-content\/uploads\/2022\/05\/foto-terapia-individual-Astrid-constelaciones-768x701.jpg 768w, https:\/\/institutoasgard.com\/wp-content\/uploads\/2022\/05\/foto-terapia-individual-Astrid-constelaciones-600x548.jpg 600w, https:\/\/institutoasgard.com\/wp-content\/uploads\/2022\/05\/foto-terapia-individual-Astrid-constelaciones.jpg 800w\" sizes=\"auto, (max-width: 300px) 100vw, 300px\" \/><\/p><p style=\"text-align: left;\"><span style=\"color: #000080;\"><span style=\"font-weight: 400;\">Permite revisar con otra mirada para esclarecer conflictos de diferente \u00edndole al comprender su origen real, superando percepciones para contribuir a sanar las heridas personales y las diferencias en las relaciones, logrando a su vez un nuevo orden donde se ocupa el justo lugar en el sistema con respeto, inclusi\u00f3n y equilibrio. <\/span><span style=\"font-weight: 400;\">\u00a0\u00a0<\/span><\/span><\/p><p style=\"text-align: left;\"><span style=\"font-weight: 400; color: #000080;\">Entre los temas o asuntos que suelen trabajarse se encuentran:\u00a0\u00a0<\/span><\/p><ul><li><span style=\"font-weight: 400; color: #000080;\">Traumas de la infancia y\/o adolescencia.<\/span><\/li><li style=\"font-weight: 400; text-align: left;\" aria-level=\"1\"><span style=\"font-weight: 400; color: #000080;\">Familia.<\/span><\/li><li style=\"font-weight: 400; text-align: left;\" aria-level=\"1\"><p><span style=\"font-weight: 400; color: #000080;\">Pareja<\/span><\/p><\/li><li style=\"font-weight: 400; text-align: left;\" aria-level=\"1\"><span style=\"font-weight: 400; color: #000080;\">Salud f\u00edsica y emocional<\/span><\/li><li style=\"font-weight: 400; text-align: left;\" aria-level=\"1\"><span style=\"font-weight: 400; color: #000080;\">Trabajo<\/span><\/li><li style=\"font-weight: 400; text-align: left;\" aria-level=\"1\"><span style=\"font-weight: 400; color: #000080;\">Finanzas, negocios y empresas<\/span><\/li><li style=\"font-weight: 400; text-align: left;\" aria-level=\"1\"><span style=\"font-weight: 400; color: #000080;\">Duelos<\/span><\/li><li style=\"font-weight: 400; text-align: left;\" aria-level=\"1\"><span style=\"font-weight: 400; color: #000080;\">Conciencia colectiva<\/span><\/li><li style=\"text-align: left;\"><span style=\"font-weight: 400; color: #000080;\">Migraci\u00f3n<\/span><\/li><\/ul>\t\t\t\t\t<\/div>\n\t\t\t\t\t\t<\/div>\n\t\t\t\t<\/div>\n\t\t\t\t\t\t<\/div>\n\t\t\t\t\t<\/div>\n\t\t<\/div>\n\t\t\t\t<div class=\"elementor-column elementor-col-50 elementor-inner-column elementor-element elementor-element-20a26065\" data-id=\"20a26065\" data-element_type=\"column\">\n\t\t\t<div class=\"elementor-column-wrap elementor-element-populated\">\n\t\t\t\t\t\t\t<div class=\"elementor-widget-wrap\">\n\t\t\t\t\t\t<div class=\"elementor-element elementor-element-53002dd2 elementor-widget elementor-widget-heading\" data-id=\"53002dd2\" data-element_type=\"widget\" data-widget_type=\"heading.default\">\n\t\t\t\t<div class=\"elementor-widget-container\">\n\t\t\t<h3 class=\"elementor-heading-title elementor-size-default\">Terapia de contenci\u00f3n y de reconciliaci\u00f3n con padres<\/h3>\t\t<\/div>\n\t\t\t\t<\/div>\n\t\t\t\t<div class=\"elementor-element elementor-element-41367187 elementor-widget-divider--view-line elementor-widget elementor-widget-divider\" data-id=\"41367187\" data-element_type=\"widget\" data-widget_type=\"divider.default\">\n\t\t\t\t<div class=\"elementor-widget-container\">\n\t\t\t\t\t<div class=\"elementor-divider\">\n\t\t\t<span class=\"elementor-divider-separator\">\n\t\t\t\t\t\t<\/span>\n\t\t<\/div>\n\t\t\t\t<\/div>\n\t\t\t\t<\/div>\n\t\t\t\t<div class=\"elementor-element elementor-element-39a4b3b3 elementor-widget elementor-widget-text-editor\" data-id=\"39a4b3b3\" data-element_type=\"widget\" data-widget_type=\"text-editor.default\">\n\t\t\t\t<div class=\"elementor-widget-container\">\n\t\t\t\t\t\t\t\t<div class=\"elementor-text-editor elementor-clearfix\">\n\t\t\t\t<p><img loading=\"lazy\" decoding=\"async\" class=\"alignnone size-medium wp-image-1326\" src=\"https:\/\/institutoasgard.com\/wp-content\/uploads\/2022\/05\/foto-contencion-300x274.jpg\" alt=\"\" width=\"300\" height=\"274\" srcset=\"https:\/\/institutoasgard.com\/wp-content\/uploads\/2022\/05\/foto-contencion-300x274.jpg 300w, https:\/\/institutoasgard.com\/wp-content\/uploads\/2022\/05\/foto-contencion-768x701.jpg 768w, https:\/\/institutoasgard.com\/wp-content\/uploads\/2022\/05\/foto-contencion-600x548.jpg 600w, https:\/\/institutoasgard.com\/wp-content\/uploads\/2022\/05\/foto-contencion.jpg 800w\" sizes=\"auto, (max-width: 300px) 100vw, 300px\" \/><\/p><p style=\"text-align: left;\"><span style=\"font-weight: 400; color: #000080;\">De acuerdo al m\u00e9todo de la Dra. Jirina Prekop, permite que dos personas restauren sus v\u00ednculos da\u00f1ados, y su amor pueda volver a fluir luego de que padres e hijos, vivos o fallecidos, puedan trabajar juntos el caos afectivo que caracteriza su relaci\u00f3n, en ocasiones producto de separaciones prematuras y carencia afectiva.\u00a0\u00a0<\/span><\/p><p style=\"text-align: left;\"><span style=\"font-weight: 400; color: #000080;\">Se realiza en un lugar seguro, donde el dolor puede ser liberado para dar paso a la paz y el equilibrio emocional, sanando las relaciones fundamentales para la vida.<\/span><\/p><p style=\"text-align: left;\"><span style=\"font-weight: 400; color: #000080;\">La comprensi\u00f3n de las heridas que tal vez se repitieron de generaci\u00f3n en generaci\u00f3n, podr\u00e1n ahora integrarse y ser sanadas desde la paz del alma.<\/span><\/p><p style=\"text-align: left;\"><span style=\"font-weight: 400; color: #000080;\">Contribuye a agradecer el regalo de la vida, inclinarse ante el dif\u00edcil destino de sus padres, resolver con respeto su situaci\u00f3n y finalmente, poder reconciliarse.\u00a0<\/span><\/p>\t\t\t\t\t<\/div>\n\t\t\t\t\t\t<\/div>\n\t\t\t\t<\/div>\n\t\t\t\t\t\t<\/div>\n\t\t\t\t\t<\/div>\n\t\t<\/div>\n\t\t\t\t\t\t\t\t<\/div>\n\t\t\t\t\t<\/div>\n\t\t<\/section>\n\t\t\t\t<section class=\"elementor-section elementor-inner-section elementor-element elementor-element-6b8c5e96 elementor-section-boxed elementor-section-height-default elementor-section-height-default\" data-id=\"6b8c5e96\" data-element_type=\"section\">\n\t\t\t\t\t\t<div class=\"elementor-container elementor-column-gap-default\">\n\t\t\t\t\t\t\t<div class=\"elementor-row\">\n\t\t\t\t\t<div class=\"elementor-column elementor-col-50 elementor-inner-column elementor-element elementor-element-4a44a911\" data-id=\"4a44a911\" data-element_type=\"column\">\n\t\t\t<div class=\"elementor-column-wrap elementor-element-populated\">\n\t\t\t\t\t\t\t<div class=\"elementor-widget-wrap\">\n\t\t\t\t\t\t<div class=\"elementor-element elementor-element-73638792 elementor-widget elementor-widget-heading\" data-id=\"73638792\" data-element_type=\"widget\" data-widget_type=\"heading.default\">\n\t\t\t\t<div class=\"elementor-widget-container\">\n\t\t\t<h3 class=\"elementor-heading-title elementor-size-default\">Asesor\u00eda sist\u00e9mica empresarial<\/h3>\t\t<\/div>\n\t\t\t\t<\/div>\n\t\t\t\t<div class=\"elementor-element elementor-element-142b3b24 elementor-widget-divider--view-line elementor-widget elementor-widget-divider\" data-id=\"142b3b24\" data-element_type=\"widget\" data-widget_type=\"divider.default\">\n\t\t\t\t<div class=\"elementor-widget-container\">\n\t\t\t\t\t<div class=\"elementor-divider\">\n\t\t\t<span class=\"elementor-divider-separator\">\n\t\t\t\t\t\t<\/span>\n\t\t<\/div>\n\t\t\t\t<\/div>\n\t\t\t\t<\/div>\n\t\t\t\t<div class=\"elementor-element elementor-element-4c576939 elementor-widget elementor-widget-text-editor\" data-id=\"4c576939\" data-element_type=\"widget\" data-widget_type=\"text-editor.default\">\n\t\t\t\t<div class=\"elementor-widget-container\">\n\t\t\t\t\t\t\t\t<div class=\"elementor-text-editor elementor-clearfix\">\n\t\t\t\t<p><img loading=\"lazy\" decoding=\"async\" class=\"alignnone size-medium wp-image-1328\" src=\"https:\/\/institutoasgard.com\/wp-content\/uploads\/2022\/05\/empresa-300x274.jpg\" alt=\"\" width=\"300\" height=\"274\" srcset=\"https:\/\/institutoasgard.com\/wp-content\/uploads\/2022\/05\/empresa-300x274.jpg 300w, https:\/\/institutoasgard.com\/wp-content\/uploads\/2022\/05\/empresa-768x701.jpg 768w, https:\/\/institutoasgard.com\/wp-content\/uploads\/2022\/05\/empresa-600x548.jpg 600w, https:\/\/institutoasgard.com\/wp-content\/uploads\/2022\/05\/empresa.jpg 800w\" sizes=\"auto, (max-width: 300px) 100vw, 300px\" \/><\/p><p style=\"text-align: left;\"><span style=\"font-weight: 400; color: #000080;\">La asesor\u00eda sist\u00e9mica en sociedades, negocios y empresas, nos permite indagar en \u00e1reas como: la productividad, ingresos, relaciones laborales, cambios o incorporaci\u00f3n de nuevos productos y otros temas, los cuales pueden ser\u00a0 diagnosticados desde una visi\u00f3n ampliada que incluye el origen, desequilibrio o desorden en etapas pasadas que pueden seguir afectando al desarrollo presente.<\/span><\/p><p style=\"text-align: left;\"><span style=\"font-weight: 400; color: #000080;\">\u00a0Basado en los principios sist\u00e9micos de Hellinger Sciencia \u00ae ofrecemos las bases para ofrecer un an\u00e1lisis y recomendaciones que permite pasar del nudo a la soluci\u00f3n que permite avanzar con claridad.<\/span><\/p><p style=\"text-align: left;\"><span style=\"font-weight: 400; color: #000080;\">\u00a0\u00a0Dirigido a due\u00f1os, socios, gerentes y emprendedores que desean conocer e integrar un orden que permite seguridad en el proceso.<\/span><\/p>\t\t\t\t\t<\/div>\n\t\t\t\t\t\t<\/div>\n\t\t\t\t<\/div>\n\t\t\t\t\t\t<\/div>\n\t\t\t\t\t<\/div>\n\t\t<\/div>\n\t\t\t\t<div class=\"elementor-column elementor-col-50 elementor-inner-column elementor-element elementor-element-6ad5b830\" data-id=\"6ad5b830\" data-element_type=\"column\">\n\t\t\t<div class=\"elementor-column-wrap elementor-element-populated\">\n\t\t\t\t\t\t\t<div class=\"elementor-widget-wrap\">\n\t\t\t\t\t\t<div class=\"elementor-element elementor-element-c147676 elementor-widget elementor-widget-global elementor-global-1647 elementor-widget-heading\" data-id=\"c147676\" data-element_type=\"widget\" data-widget_type=\"heading.default\">\n\t\t\t\t<div class=\"elementor-widget-container\">\n\t\t\t<h3 class=\"elementor-heading-title elementor-size-default\"> Constelaciones Familiares<\/h3>\t\t<\/div>\n\t\t\t\t<\/div>\n\t\t\t\t<div class=\"elementor-element elementor-element-238b9b7 elementor-widget-divider--view-line elementor-widget elementor-widget-global elementor-global-1650 elementor-widget-divider\" data-id=\"238b9b7\" data-element_type=\"widget\" data-widget_type=\"divider.default\">\n\t\t\t\t<div class=\"elementor-widget-container\">\n\t\t\t\t\t<div class=\"elementor-divider\">\n\t\t\t<span class=\"elementor-divider-separator\">\n\t\t\t\t\t\t<\/span>\n\t\t<\/div>\n\t\t\t\t<\/div>\n\t\t\t\t<\/div>\n\t\t\t\t<div class=\"elementor-element elementor-element-c3ade73 elementor-widget elementor-widget-global elementor-global-1644 elementor-widget-text-editor\" data-id=\"c3ade73\" data-element_type=\"widget\" data-widget_type=\"text-editor.default\">\n\t\t\t\t<div class=\"elementor-widget-container\">\n\t\t\t\t\t\t\t\t<div class=\"elementor-text-editor elementor-clearfix\">\n\t\t\t\t<p><img loading=\"lazy\" decoding=\"async\" class=\"alignnone size-medium wp-image-1322\" src=\"https:\/\/institutoasgard.com\/wp-content\/uploads\/2022\/05\/constelacion-familiar-300x274.jpg\" alt=\"\" width=\"300\" height=\"274\" srcset=\"https:\/\/institutoasgard.com\/wp-content\/uploads\/2022\/05\/constelacion-familiar-300x274.jpg 300w, https:\/\/institutoasgard.com\/wp-content\/uploads\/2022\/05\/constelacion-familiar-768x701.jpg 768w, https:\/\/institutoasgard.com\/wp-content\/uploads\/2022\/05\/constelacion-familiar-600x548.jpg 600w, https:\/\/institutoasgard.com\/wp-content\/uploads\/2022\/05\/constelacion-familiar.jpg 800w\" sizes=\"auto, (max-width: 300px) 100vw, 300px\" \/><\/p><p style=\"text-align: left;\"><span style=\"font-weight: 400; color: #000080;\">Es un enfoque terap\u00e9utico utilizado para hacer emerger las din\u00e1micas ocultas que existen en una familia, en un sistema, con el fin de contribuir al proceso personal y de sanaci\u00f3n del consultante, al trabajar s\u00edntomas y situaciones que afecten su vida y sus relaciones.<\/span><\/p><p style=\"text-align: left;\"><span style=\"font-weight: 400; color: #000080;\">\u00a0\u00a0\u00a0Pueden ayudar a la persona a ver y trabajar su situaci\u00f3n desde una perspectiva diferente, integradora y reconciliadora, empleando los principios y \u00f3rdenes creados por el maestro Bert Hellinger, con lo cual puede hallar su lugar de forma respetuosa, para sanar conflictos y encontrar soluciones a problemas que incluso pueden tener un origen y\/o un patr\u00f3n inconsciente.<\/span><\/p>\t\t\t\t\t<\/div>\n\t\t\t\t\t\t<\/div>\n\t\t\t\t<\/div>\n\t\t\t\t\t\t<\/div>\n\t\t\t\t\t<\/div>\n\t\t<\/div>\n\t\t\t\t\t\t\t\t<\/div>\n\t\t\t\t\t<\/div>\n\t\t<\/section>\n\t\t\t\t\t\t<\/div>\n\t\t\t\t\t<\/div>\n\t\t<\/div>\n\t\t\t\t\t\t\t\t<\/div>\n\t\t\t\t\t<\/div>\n\t\t<\/section>\n\t\t\t\t\t\t<\/div>\n\t\t\t\t\t\t<\/div>\n\t\t\t\t\t<\/div>\n\t\t","protected":false},"excerpt":{"rendered":"<p>Terapias Terapia individual o en pareja Permite revisar con otra mirada para esclarecer conflictos de diferente \u00edndole al comprender su origen real, superando percepciones para contribuir a sanar las heridas personales y las diferencias en las relaciones, logrando a su vez un nuevo orden donde se ocupa el justo lugar en el sistema con respeto, [&hellip;]<\/p>\n","protected":false},"author":1,"featured_media":0,"parent":0,"menu_order":0,"comment_status":"closed","ping_status":"closed","template":"","meta":{"footnotes":""},"class_list":["post-230","page","type-page","status-publish","hentry"],"yoast_head":"<!-- This site is optimized with the Yoast SEO plugin v18.8 - https:\/\/yoast.com\/wordpress\/plugins\/seo\/ -->\n<title>Terapias - Instituto Asgard<\/title>\n<meta name=\"robots\" content=\"index, follow, max-snippet:-1, max-image-preview:large, max-video-preview:-1\" \/>\n<link rel=\"canonical\" href=\"https:\/\/institutoasgard.com\/index.php\/terapias\/\" \/>\n<meta property=\"og:locale\" content=\"es_ES\" \/>\n<meta property=\"og:type\" content=\"article\" \/>\n<meta property=\"og:title\" content=\"Terapias - Instituto Asgard\" \/>\n<meta property=\"og:description\" content=\"Terapias Terapia individual o en pareja Permite revisar con otra mirada para esclarecer conflictos de diferente \u00edndole al comprender su origen real, superando percepciones para contribuir a sanar las heridas personales y las diferencias en las relaciones, logrando a su vez un nuevo orden donde se ocupa el justo lugar en el sistema con respeto, [&hellip;]\" \/>\n<meta property=\"og:url\" content=\"https:\/\/institutoasgard.com\/index.php\/terapias\/\" \/>\n<meta property=\"og:site_name\" content=\"Instituto Asgard\" \/>\n<meta property=\"article:modified_time\" content=\"2022-07-08T11:09:23+00:00\" \/>\n<meta property=\"og:image\" content=\"https:\/\/institutoasgard.com\/wp-content\/uploads\/2022\/05\/foto-terapia-individual-Astrid-constelaciones-300x274.jpg\" \/>\n<meta name=\"twitter:card\" content=\"summary_large_image\" \/>\n<meta name=\"twitter:label1\" content=\"Tiempo estimado de lectura\" \/>\n\t<meta name=\"twitter:data1\" content=\"4 minutos\" \/>\n<script type=\"application\/ld+json\" class=\"yoast-schema-graph\">{\"@context\":\"https:\/\/schema.org\",\"@graph\":[{\"@type\":\"WebSite\",\"@id\":\"https:\/\/institutoasgard.com\/#website\",\"url\":\"https:\/\/institutoasgard.com\/\",\"name\":\"Instituto Asgard\",\"description\":\"\",\"potentialAction\":[{\"@type\":\"SearchAction\",\"target\":{\"@type\":\"EntryPoint\",\"urlTemplate\":\"https:\/\/institutoasgard.com\/?s={search_term_string}\"},\"query-input\":\"required name=search_term_string\"}],\"inLanguage\":\"es\"},{\"@type\":\"ImageObject\",\"inLanguage\":\"es\",\"@id\":\"https:\/\/institutoasgard.com\/index.php\/terapias\/#primaryimage\",\"url\":\"https:\/\/institutoasgard.com\/wp-content\/uploads\/2022\/05\/foto-terapia-individual-Astrid-constelaciones.jpg\",\"contentUrl\":\"https:\/\/institutoasgard.com\/wp-content\/uploads\/2022\/05\/foto-terapia-individual-Astrid-constelaciones.jpg\",\"width\":800,\"height\":730},{\"@type\":\"WebPage\",\"@id\":\"https:\/\/institutoasgard.com\/index.php\/terapias\/#webpage\",\"url\":\"https:\/\/institutoasgard.com\/index.php\/terapias\/\",\"name\":\"Terapias - Instituto Asgard\",\"isPartOf\":{\"@id\":\"https:\/\/institutoasgard.com\/#website\"},\"primaryImageOfPage\":{\"@id\":\"https:\/\/institutoasgard.com\/index.php\/terapias\/#primaryimage\"},\"datePublished\":\"2022-03-21T21:06:10+00:00\",\"dateModified\":\"2022-07-08T11:09:23+00:00\",\"breadcrumb\":{\"@id\":\"https:\/\/institutoasgard.com\/index.php\/terapias\/#breadcrumb\"},\"inLanguage\":\"es\",\"potentialAction\":[{\"@type\":\"ReadAction\",\"target\":[\"https:\/\/institutoasgard.com\/index.php\/terapias\/\"]}]},{\"@type\":\"BreadcrumbList\",\"@id\":\"https:\/\/institutoasgard.com\/index.php\/terapias\/#breadcrumb\",\"itemListElement\":[{\"@type\":\"ListItem\",\"position\":1,\"name\":\"Inicio\",\"item\":\"https:\/\/institutoasgard.com\/\"},{\"@type\":\"ListItem\",\"position\":2,\"name\":\"Terapias\"}]}]}<\/script>\n<!-- \/ Yoast SEO plugin. -->","yoast_head_json":{"title":"Terapias - Instituto Asgard","robots":{"index":"index","follow":"follow","max-snippet":"max-snippet:-1","max-image-preview":"max-image-preview:large","max-video-preview":"max-video-preview:-1"},"canonical":"https:\/\/institutoasgard.com\/index.php\/terapias\/","og_locale":"es_ES","og_type":"article","og_title":"Terapias - Instituto Asgard","og_description":"Terapias Terapia individual o en pareja Permite revisar con otra mirada para esclarecer conflictos de diferente \u00edndole al comprender su origen real, superando percepciones para contribuir a sanar las heridas personales y las diferencias en las relaciones, logrando a su vez un nuevo orden donde se ocupa el justo lugar en el sistema con respeto, [&hellip;]","og_url":"https:\/\/institutoasgard.com\/index.php\/terapias\/","og_site_name":"Instituto Asgard","article_modified_time":"2022-07-08T11:09:23+00:00","og_image":[{"url":"https:\/\/institutoasgard.com\/wp-content\/uploads\/2022\/05\/foto-terapia-individual-Astrid-constelaciones-300x274.jpg"}],"twitter_card":"summary_large_image","twitter_misc":{"Tiempo estimado de lectura":"4 minutos"},"schema":{"@context":"https:\/\/schema.org","@graph":[{"@type":"WebSite","@id":"https:\/\/institutoasgard.com\/#website","url":"https:\/\/institutoasgard.com\/","name":"Instituto Asgard","description":"","potentialAction":[{"@type":"SearchAction","target":{"@type":"EntryPoint","urlTemplate":"https:\/\/institutoasgard.com\/?s={search_term_string}"},"query-input":"required name=search_term_string"}],"inLanguage":"es"},{"@type":"ImageObject","inLanguage":"es","@id":"https:\/\/institutoasgard.com\/index.php\/terapias\/#primaryimage","url":"https:\/\/institutoasgard.com\/wp-content\/uploads\/2022\/05\/foto-terapia-individual-Astrid-constelaciones.jpg","contentUrl":"https:\/\/institutoasgard.com\/wp-content\/uploads\/2022\/05\/foto-terapia-individual-Astrid-constelaciones.jpg","width":800,"height":730},{"@type":"WebPage","@id":"https:\/\/institutoasgard.com\/index.php\/terapias\/#webpage","url":"https:\/\/institutoasgard.com\/index.php\/terapias\/","name":"Terapias - Instituto Asgard","isPartOf":{"@id":"https:\/\/institutoasgard.com\/#website"},"primaryImageOfPage":{"@id":"https:\/\/institutoasgard.com\/index.php\/terapias\/#primaryimage"},"datePublished":"2022-03-21T21:06:10+00:00","dateModified":"2022-07-08T11:09:23+00:00","breadcrumb":{"@id":"https:\/\/institutoasgard.com\/index.php\/terapias\/#breadcrumb"},"inLanguage":"es","potentialAction":[{"@type":"ReadAction","target":["https:\/\/institutoasgard.com\/index.php\/terapias\/"]}]},{"@type":"BreadcrumbList","@id":"https:\/\/institutoasgard.com\/index.php\/terapias\/#breadcrumb","itemListElement":[{"@type":"ListItem","position":1,"name":"Inicio","item":"https:\/\/institutoasgard.com\/"},{"@type":"ListItem","position":2,"name":"Terapias"}]}]}},"_links":{"self":[{"href":"https:\/\/institutoasgard.com\/index.php\/wp-json\/wp\/v2\/pages\/230","targetHints":{"allow":["GET"]}}],"collection":[{"href":"https:\/\/institutoasgard.com\/index.php\/wp-json\/wp\/v2\/pages"}],"about":[{"href":"https:\/\/institutoasgard.com\/index.php\/wp-json\/wp\/v2\/types\/page"}],"author":[{"embeddable":true,"href":"https:\/\/institutoasgard.com\/index.php\/wp-json\/wp\/v2\/users\/1"}],"replies":[{"embeddable":true,"href":"https:\/\/institutoasgard.com\/index.php\/wp-json\/wp\/v2\/comments?post=230"}],"version-history":[{"count":58,"href":"https:\/\/institutoasgard.com\/index.php\/wp-json\/wp\/v2\/pages\/230\/revisions"}],"predecessor-version":[{"id":1665,"href":"https:\/\/institutoasgard.com\/index.php\/wp-json\/wp\/v2\/pages\/230\/revisions\/1665"}],"wp:attachment":[{"href":"https:\/\/institutoasgard.com\/index.php\/wp-json\/wp\/v2\/media?parent=230"}],"curies":[{"name":"wp","href":"https:\/\/api.w.org\/{rel}","templated":true}]}}