{"id":1460,"date":"2022-05-13T23:49:10","date_gmt":"2022-05-14T03:49:10","guid":{"rendered":"https:\/\/institutoasgard.com\/?post_type=product&#038;p=1460"},"modified":"2022-05-13T23:49:10","modified_gmt":"2022-05-14T03:49:10","slug":"salud-fisica-y-emocional","status":"publish","type":"product","link":"https:\/\/institutoasgard.com\/index.php\/producto\/salud-fisica-y-emocional\/","title":{"rendered":"Salud f\u00edsica y emocional"},"content":{"rendered":"<b><i>Comprendiendo el mensaje detr\u00e1s de un s\u00edntoma o enfermedad<\/i><\/b>\r\n\r\n<b>Objetivo: <\/b><span style=\"font-weight: 400;\">Lograr <\/span><b>diagnosticar el origen<\/b><span style=\"font-weight: 400;\"> de la situaci\u00f3n de salud que los afecta. Revisar los patrones recurrentes, las circunstancias especiales y poder encontrar sanaci\u00f3n integral cuerpo &amp; alma.<\/span>\r\n\r\n<b>Dirigido a: <\/b><span style=\"font-weight: 400;\">Personas afectadas f\u00edsica o emocionalmente, que buscan respuesta a su dolencia y desean sanar sus vidas.\u00a0<\/span>\r\n\r\n<b>Duraci\u00f3n:<\/b><span style=\"font-weight: 400;\"> Taller de 4 horas (deben llenar cuestionario m\u00e9dico previo) y se llevar\u00e1n ejercicios para hacer en su casa.<\/span>\r\n\r\n<b>Dirigido por: <\/b><a href=\"https:\/\/www.instagram.com\/ordensistemico\/?hl=en\"><span style=\"font-weight: 400;\">Astrid Kassert<\/span><\/a>","protected":false},"excerpt":{"rendered":"<p><b><i>Comprendiendo el mensaje detr\u00e1s de un s\u00edntoma o enfermedad<\/i><\/b><\/p>\n<p><b>Objetivo: <\/b><span style=\"font-weight: 400;\">Lograr <\/span><b>diagnosticar el origen<\/b><span style=\"font-weight: 400;\"> de la situaci\u00f3n de salud que los afecta. Revisar los patrones recurrentes, las circunstancias especiales y poder encontrar sanaci\u00f3n integral cuerpo &amp; alma.<\/span><\/p>\n<p><b>Dirigido a: <\/b><span style=\"font-weight: 400;\">Personas afectadas f\u00edsica o emocionalmente, que buscan respuesta a su dolencia y desean sanar sus vidas.\u00a0<\/span><\/p>\n<p><b>Duraci\u00f3n:<\/b><span style=\"font-weight: 400;\"> Taller de 4 horas (deben llenar cuestionario m\u00e9dico previo) y se llevar\u00e1n ejercicios para hacer en su casa.<\/span><\/p>\n<p><b>Dirigido por: <\/b><a href=\"https:\/\/www.instagram.com\/ordensistemico\/?hl=en\"><span style=\"font-weight: 400;\">Astrid Kassert<\/span><\/a><\/p>\n","protected":false},"featured_media":1461,"comment_status":"open","ping_status":"closed","template":"","meta":[],"product_cat":[18],"product_tag":[],"class_list":["post-1460","product","type-product","status-publish","has-post-thumbnail","hentry","product_cat-talleres"],"yoast_head":"<!-- This site is optimized with the Yoast SEO plugin v18.8 - https:\/\/yoast.com\/wordpress\/plugins\/seo\/ -->\n<title>Salud f\u00edsica y emocional - Instituto Asgard<\/title>\n<meta name=\"description\" content=\"Personas afectadas f\u00edsica o emocionalmente, buscan respuesta a su dolencia y sanar sus vidas.\" \/>\n<meta name=\"robots\" content=\"index, follow, max-snippet:-1, max-image-preview:large, max-video-preview:-1\" \/>\n<link rel=\"canonical\" href=\"https:\/\/institutoasgard.com\/index.php\/producto\/salud-fisica-y-emocional\/\" \/>\n<meta property=\"og:locale\" content=\"es_ES\" \/>\n<meta property=\"og:type\" content=\"article\" \/>\n<meta property=\"og:title\" content=\"Salud f\u00edsica y emocional - Instituto Asgard\" \/>\n<meta property=\"og:description\" content=\"Personas afectadas f\u00edsica o emocionalmente, buscan respuesta a su dolencia y sanar sus vidas.\" \/>\n<meta property=\"og:url\" content=\"https:\/\/institutoasgard.com\/index.php\/producto\/salud-fisica-y-emocional\/\" \/>\n<meta property=\"og:site_name\" content=\"Instituto Asgard\" \/>\n<meta property=\"og:image\" content=\"https:\/\/institutoasgard.com\/wp-content\/uploads\/2022\/05\/Taller-5-Salud-emocional.png\" \/>\n\t<meta property=\"og:image:width\" content=\"1080\" \/>\n\t<meta property=\"og:image:height\" content=\"1080\" \/>\n\t<meta property=\"og:image:type\" content=\"image\/png\" \/>\n<meta name=\"twitter:card\" content=\"summary_large_image\" \/>\n<meta name=\"twitter:label1\" content=\"Tiempo estimado de lectura\" \/>\n\t<meta name=\"twitter:data1\" content=\"1 minuto\" \/>\n<script type=\"application\/ld+json\" class=\"yoast-schema-graph\">{\"@context\":\"https:\/\/schema.org\",\"@graph\":[{\"@type\":\"WebSite\",\"@id\":\"https:\/\/institutoasgard.com\/#website\",\"url\":\"https:\/\/institutoasgard.com\/\",\"name\":\"Instituto Asgard\",\"description\":\"\",\"potentialAction\":[{\"@type\":\"SearchAction\",\"target\":{\"@type\":\"EntryPoint\",\"urlTemplate\":\"https:\/\/institutoasgard.com\/?s={search_term_string}\"},\"query-input\":\"required name=search_term_string\"}],\"inLanguage\":\"es\"},{\"@type\":\"ImageObject\",\"inLanguage\":\"es\",\"@id\":\"https:\/\/institutoasgard.com\/index.php\/producto\/salud-fisica-y-emocional\/#primaryimage\",\"url\":\"https:\/\/institutoasgard.com\/wp-content\/uploads\/2022\/05\/Taller-5-Salud-emocional.png\",\"contentUrl\":\"https:\/\/institutoasgard.com\/wp-content\/uploads\/2022\/05\/Taller-5-Salud-emocional.png\",\"width\":1080,\"height\":1080,\"caption\":\"Taller Salud f\u00edsica y emocional - Instituto Asgard\"},{\"@type\":\"WebPage\",\"@id\":\"https:\/\/institutoasgard.com\/index.php\/producto\/salud-fisica-y-emocional\/#webpage\",\"url\":\"https:\/\/institutoasgard.com\/index.php\/producto\/salud-fisica-y-emocional\/\",\"name\":\"Salud f\u00edsica y emocional - Instituto Asgard\",\"isPartOf\":{\"@id\":\"https:\/\/institutoasgard.com\/#website\"},\"primaryImageOfPage\":{\"@id\":\"https:\/\/institutoasgard.com\/index.php\/producto\/salud-fisica-y-emocional\/#primaryimage\"},\"datePublished\":\"2022-05-14T03:49:10+00:00\",\"dateModified\":\"2022-05-14T03:49:10+00:00\",\"description\":\"Personas afectadas f\u00edsica o emocionalmente, buscan respuesta a su dolencia y sanar sus vidas.\",\"breadcrumb\":{\"@id\":\"https:\/\/institutoasgard.com\/index.php\/producto\/salud-fisica-y-emocional\/#breadcrumb\"},\"inLanguage\":\"es\",\"potentialAction\":[{\"@type\":\"ReadAction\",\"target\":[\"https:\/\/institutoasgard.com\/index.php\/producto\/salud-fisica-y-emocional\/\"]}]},{\"@type\":\"BreadcrumbList\",\"@id\":\"https:\/\/institutoasgard.com\/index.php\/producto\/salud-fisica-y-emocional\/#breadcrumb\",\"itemListElement\":[{\"@type\":\"ListItem\",\"position\":1,\"name\":\"Inicio\",\"item\":\"https:\/\/institutoasgard.com\/\"},{\"@type\":\"ListItem\",\"position\":2,\"name\":\"Salud f\u00edsica y emocional\"}]}]}<\/script>\n<!-- \/ Yoast SEO plugin. -->","yoast_head_json":{"title":"Salud f\u00edsica y emocional - Instituto Asgard","description":"Personas afectadas f\u00edsica o emocionalmente, buscan respuesta a su dolencia y sanar sus vidas.","robots":{"index":"index","follow":"follow","max-snippet":"max-snippet:-1","max-image-preview":"max-image-preview:large","max-video-preview":"max-video-preview:-1"},"canonical":"https:\/\/institutoasgard.com\/index.php\/producto\/salud-fisica-y-emocional\/","og_locale":"es_ES","og_type":"article","og_title":"Salud f\u00edsica y emocional - Instituto Asgard","og_description":"Personas afectadas f\u00edsica o emocionalmente, buscan respuesta a su dolencia y sanar sus vidas.","og_url":"https:\/\/institutoasgard.com\/index.php\/producto\/salud-fisica-y-emocional\/","og_site_name":"Instituto Asgard","og_image":[{"width":1080,"height":1080,"url":"https:\/\/institutoasgard.com\/wp-content\/uploads\/2022\/05\/Taller-5-Salud-emocional.png","type":"image\/png"}],"twitter_card":"summary_large_image","twitter_misc":{"Tiempo estimado de lectura":"1 minuto"},"schema":{"@context":"https:\/\/schema.org","@graph":[{"@type":"WebSite","@id":"https:\/\/institutoasgard.com\/#website","url":"https:\/\/institutoasgard.com\/","name":"Instituto Asgard","description":"","potentialAction":[{"@type":"SearchAction","target":{"@type":"EntryPoint","urlTemplate":"https:\/\/institutoasgard.com\/?s={search_term_string}"},"query-input":"required name=search_term_string"}],"inLanguage":"es"},{"@type":"ImageObject","inLanguage":"es","@id":"https:\/\/institutoasgard.com\/index.php\/producto\/salud-fisica-y-emocional\/#primaryimage","url":"https:\/\/institutoasgard.com\/wp-content\/uploads\/2022\/05\/Taller-5-Salud-emocional.png","contentUrl":"https:\/\/institutoasgard.com\/wp-content\/uploads\/2022\/05\/Taller-5-Salud-emocional.png","width":1080,"height":1080,"caption":"Taller Salud f\u00edsica y emocional - Instituto Asgard"},{"@type":"WebPage","@id":"https:\/\/institutoasgard.com\/index.php\/producto\/salud-fisica-y-emocional\/#webpage","url":"https:\/\/institutoasgard.com\/index.php\/producto\/salud-fisica-y-emocional\/","name":"Salud f\u00edsica y emocional - Instituto Asgard","isPartOf":{"@id":"https:\/\/institutoasgard.com\/#website"},"primaryImageOfPage":{"@id":"https:\/\/institutoasgard.com\/index.php\/producto\/salud-fisica-y-emocional\/#primaryimage"},"datePublished":"2022-05-14T03:49:10+00:00","dateModified":"2022-05-14T03:49:10+00:00","description":"Personas afectadas f\u00edsica o emocionalmente, buscan respuesta a su dolencia y sanar sus vidas.","breadcrumb":{"@id":"https:\/\/institutoasgard.com\/index.php\/producto\/salud-fisica-y-emocional\/#breadcrumb"},"inLanguage":"es","potentialAction":[{"@type":"ReadAction","target":["https:\/\/institutoasgard.com\/index.php\/producto\/salud-fisica-y-emocional\/"]}]},{"@type":"BreadcrumbList","@id":"https:\/\/institutoasgard.com\/index.php\/producto\/salud-fisica-y-emocional\/#breadcrumb","itemListElement":[{"@type":"ListItem","position":1,"name":"Inicio","item":"https:\/\/institutoasgard.com\/"},{"@type":"ListItem","position":2,"name":"Salud f\u00edsica y emocional"}]}]}},"_links":{"self":[{"href":"https:\/\/institutoasgard.com\/index.php\/wp-json\/wp\/v2\/product\/1460","targetHints":{"allow":["GET"]}}],"collection":[{"href":"https:\/\/institutoasgard.com\/index.php\/wp-json\/wp\/v2\/product"}],"about":[{"href":"https:\/\/institutoasgard.com\/index.php\/wp-json\/wp\/v2\/types\/product"}],"replies":[{"embeddable":true,"href":"https:\/\/institutoasgard.com\/index.php\/wp-json\/wp\/v2\/comments?post=1460"}],"wp:featuredmedia":[{"embeddable":true,"href":"https:\/\/institutoasgard.com\/index.php\/wp-json\/wp\/v2\/media\/1461"}],"wp:attachment":[{"href":"https:\/\/institutoasgard.com\/index.php\/wp-json\/wp\/v2\/media?parent=1460"}],"wp:term":[{"taxonomy":"product_cat","embeddable":true,"href":"https:\/\/institutoasgard.com\/index.php\/wp-json\/wp\/v2\/product_cat?post=1460"},{"taxonomy":"product_tag","embeddable":true,"href":"https:\/\/institutoasgard.com\/index.php\/wp-json\/wp\/v2\/product_tag?post=1460"}],"curies":[{"name":"wp","href":"https:\/\/api.w.org\/{rel}","templated":true}]}}