{"id":1462,"date":"2022-05-13T23:56:01","date_gmt":"2022-05-14T03:56:01","guid":{"rendered":"https:\/\/institutoasgard.com\/?post_type=product&#038;p=1462"},"modified":"2022-05-13T23:56:01","modified_gmt":"2022-05-14T03:56:01","slug":"mediacion-sistemica","status":"publish","type":"product","link":"https:\/\/institutoasgard.com\/index.php\/producto\/mediacion-sistemica\/","title":{"rendered":"Mediaci\u00f3n sist\u00e9mica"},"content":{"rendered":"<span style=\"font-weight: 400;\">Herramienta para resoluci\u00f3n de conflictos a nivel empresarial, de sociedad o entre familiares\u00a0<\/span>\r\n\r\n<b>Objetivo<\/b><span style=\"font-weight: 400;\">: A trav\u00e9s de teor\u00eda, ejercicios pr\u00e1cticos y esquemas, abordaremos la resoluci\u00f3n de conflictos desde el \u00e1ngulo de soluciones arbitrales, que resultan m\u00e1s efectivas y menos emocionales. Esto ayuda a neutralizar el problema y enfocar la energ\u00eda en la resoluci\u00f3n.\u00a0<\/span>\r\n\r\n<span style=\"font-weight: 400;\">Es una herramienta ideal para resolver conflictos a nivel de sociedades, comunidad o divorcios.\u00a0\u00a0<\/span>\r\n\r\n<b>Dirigido a<\/b><span style=\"font-weight: 400;\">: Profesionales, gerentes, terapeutas, docentes, dirigentes, parejas, socios y toda persona interesada en buscar soluciones pr\u00e1cticas y ampliar sus herramientas de comunicaci\u00f3n.\u00a0\u00a0<\/span>\r\n\r\n<b>Duraci\u00f3n<\/b><span style=\"font-weight: 400;\">: 2 horas y 30 minutos<\/span>\r\n\r\n<b>Facilitadora:<\/b><a href=\"https:\/\/www.instagram.com\/stephanierosal\/?hl=en\"><span style=\"font-weight: 400;\"> Stephanie Rosal<\/span><\/a>","protected":false},"excerpt":{"rendered":"<p><span style=\"font-weight: 400;\">Herramienta para resoluci\u00f3n de conflictos a nivel empresarial, de sociedad o entre familiares\u00a0<\/span><\/p>\n<p><b>Objetivo<\/b><span style=\"font-weight: 400;\">: A trav\u00e9s de teor\u00eda, ejercicios pr\u00e1cticos y esquemas, abordaremos la resoluci\u00f3n de conflictos desde el \u00e1ngulo de soluciones arbitrales, que resultan m\u00e1s efectivas y menos emocionales. Esto ayuda a neutralizar el problema y enfocar la energ\u00eda en la resoluci\u00f3n.\u00a0<\/span><\/p>\n<p><span style=\"font-weight: 400;\">Es una herramienta ideal para resolver conflictos a nivel de sociedades, comunidad o divorcios.\u00a0\u00a0<\/span><\/p>\n<p><b>Dirigido a<\/b><span style=\"font-weight: 400;\">: Profesionales, gerentes, terapeutas, docentes, dirigentes, parejas, socios y toda persona interesada en buscar soluciones pr\u00e1cticas y ampliar sus herramientas de comunicaci\u00f3n.\u00a0\u00a0<\/span><\/p>\n<p><b>Duraci\u00f3n<\/b><span style=\"font-weight: 400;\">: 2 horas y 30 minutos<\/span><\/p>\n<p><b>Facilitadora:<\/b><a href=\"https:\/\/www.instagram.com\/stephanierosal\/?hl=en\"><span style=\"font-weight: 400;\"> Stephanie Rosal<\/span><\/a><\/p>\n","protected":false},"featured_media":1463,"comment_status":"open","ping_status":"closed","template":"","meta":[],"product_cat":[18],"product_tag":[],"class_list":["post-1462","product","type-product","status-publish","has-post-thumbnail","hentry","product_cat-talleres"],"yoast_head":"<!-- This site is optimized with the Yoast SEO plugin v18.8 - https:\/\/yoast.com\/wordpress\/plugins\/seo\/ -->\n<title>Mediaci\u00f3n sist\u00e9mica - Instituto Asgard<\/title>\n<meta name=\"description\" content=\"Profesionales, gerentes, terapeutas, docentes, dirigentes, parejas, socios y toda persona interesada en buscar soluciones pr\u00e1cticas\" \/>\n<meta name=\"robots\" content=\"index, follow, max-snippet:-1, max-image-preview:large, max-video-preview:-1\" \/>\n<link rel=\"canonical\" href=\"https:\/\/institutoasgard.com\/index.php\/producto\/mediacion-sistemica\/\" \/>\n<meta property=\"og:locale\" content=\"es_ES\" \/>\n<meta property=\"og:type\" content=\"article\" \/>\n<meta property=\"og:title\" content=\"Mediaci\u00f3n sist\u00e9mica - Instituto Asgard\" \/>\n<meta property=\"og:description\" content=\"Profesionales, gerentes, terapeutas, docentes, dirigentes, parejas, socios y toda persona interesada en buscar soluciones pr\u00e1cticas\" \/>\n<meta property=\"og:url\" content=\"https:\/\/institutoasgard.com\/index.php\/producto\/mediacion-sistemica\/\" \/>\n<meta property=\"og:site_name\" content=\"Instituto Asgard\" \/>\n<meta property=\"og:image\" content=\"https:\/\/institutoasgard.com\/wp-content\/uploads\/2022\/05\/Taller-6-Mediacion-sistemica.png\" \/>\n\t<meta property=\"og:image:width\" content=\"1080\" \/>\n\t<meta property=\"og:image:height\" content=\"1080\" \/>\n\t<meta property=\"og:image:type\" content=\"image\/png\" \/>\n<meta name=\"twitter:card\" content=\"summary_large_image\" \/>\n<meta name=\"twitter:label1\" content=\"Tiempo estimado de lectura\" \/>\n\t<meta name=\"twitter:data1\" content=\"1 minuto\" \/>\n<script type=\"application\/ld+json\" class=\"yoast-schema-graph\">{\"@context\":\"https:\/\/schema.org\",\"@graph\":[{\"@type\":\"WebSite\",\"@id\":\"https:\/\/institutoasgard.com\/#website\",\"url\":\"https:\/\/institutoasgard.com\/\",\"name\":\"Instituto Asgard\",\"description\":\"\",\"potentialAction\":[{\"@type\":\"SearchAction\",\"target\":{\"@type\":\"EntryPoint\",\"urlTemplate\":\"https:\/\/institutoasgard.com\/?s={search_term_string}\"},\"query-input\":\"required name=search_term_string\"}],\"inLanguage\":\"es\"},{\"@type\":\"ImageObject\",\"inLanguage\":\"es\",\"@id\":\"https:\/\/institutoasgard.com\/index.php\/producto\/mediacion-sistemica\/#primaryimage\",\"url\":\"https:\/\/institutoasgard.com\/wp-content\/uploads\/2022\/05\/Taller-6-Mediacion-sistemica.png\",\"contentUrl\":\"https:\/\/institutoasgard.com\/wp-content\/uploads\/2022\/05\/Taller-6-Mediacion-sistemica.png\",\"width\":1080,\"height\":1080,\"caption\":\"Taller Mediaci\u00f3n sist\u00e9mica - Instituto Asgard\"},{\"@type\":\"WebPage\",\"@id\":\"https:\/\/institutoasgard.com\/index.php\/producto\/mediacion-sistemica\/#webpage\",\"url\":\"https:\/\/institutoasgard.com\/index.php\/producto\/mediacion-sistemica\/\",\"name\":\"Mediaci\u00f3n sist\u00e9mica - Instituto Asgard\",\"isPartOf\":{\"@id\":\"https:\/\/institutoasgard.com\/#website\"},\"primaryImageOfPage\":{\"@id\":\"https:\/\/institutoasgard.com\/index.php\/producto\/mediacion-sistemica\/#primaryimage\"},\"datePublished\":\"2022-05-14T03:56:01+00:00\",\"dateModified\":\"2022-05-14T03:56:01+00:00\",\"description\":\"Profesionales, gerentes, terapeutas, docentes, dirigentes, parejas, socios y toda persona interesada en buscar soluciones pr\u00e1cticas\",\"breadcrumb\":{\"@id\":\"https:\/\/institutoasgard.com\/index.php\/producto\/mediacion-sistemica\/#breadcrumb\"},\"inLanguage\":\"es\",\"potentialAction\":[{\"@type\":\"ReadAction\",\"target\":[\"https:\/\/institutoasgard.com\/index.php\/producto\/mediacion-sistemica\/\"]}]},{\"@type\":\"BreadcrumbList\",\"@id\":\"https:\/\/institutoasgard.com\/index.php\/producto\/mediacion-sistemica\/#breadcrumb\",\"itemListElement\":[{\"@type\":\"ListItem\",\"position\":1,\"name\":\"Inicio\",\"item\":\"https:\/\/institutoasgard.com\/\"},{\"@type\":\"ListItem\",\"position\":2,\"name\":\"Mediaci\u00f3n sist\u00e9mica\"}]}]}<\/script>\n<!-- \/ Yoast SEO plugin. -->","yoast_head_json":{"title":"Mediaci\u00f3n sist\u00e9mica - Instituto Asgard","description":"Profesionales, gerentes, terapeutas, docentes, dirigentes, parejas, socios y toda persona interesada en buscar soluciones pr\u00e1cticas","robots":{"index":"index","follow":"follow","max-snippet":"max-snippet:-1","max-image-preview":"max-image-preview:large","max-video-preview":"max-video-preview:-1"},"canonical":"https:\/\/institutoasgard.com\/index.php\/producto\/mediacion-sistemica\/","og_locale":"es_ES","og_type":"article","og_title":"Mediaci\u00f3n sist\u00e9mica - Instituto Asgard","og_description":"Profesionales, gerentes, terapeutas, docentes, dirigentes, parejas, socios y toda persona interesada en buscar soluciones pr\u00e1cticas","og_url":"https:\/\/institutoasgard.com\/index.php\/producto\/mediacion-sistemica\/","og_site_name":"Instituto Asgard","og_image":[{"width":1080,"height":1080,"url":"https:\/\/institutoasgard.com\/wp-content\/uploads\/2022\/05\/Taller-6-Mediacion-sistemica.png","type":"image\/png"}],"twitter_card":"summary_large_image","twitter_misc":{"Tiempo estimado de lectura":"1 minuto"},"schema":{"@context":"https:\/\/schema.org","@graph":[{"@type":"WebSite","@id":"https:\/\/institutoasgard.com\/#website","url":"https:\/\/institutoasgard.com\/","name":"Instituto Asgard","description":"","potentialAction":[{"@type":"SearchAction","target":{"@type":"EntryPoint","urlTemplate":"https:\/\/institutoasgard.com\/?s={search_term_string}"},"query-input":"required name=search_term_string"}],"inLanguage":"es"},{"@type":"ImageObject","inLanguage":"es","@id":"https:\/\/institutoasgard.com\/index.php\/producto\/mediacion-sistemica\/#primaryimage","url":"https:\/\/institutoasgard.com\/wp-content\/uploads\/2022\/05\/Taller-6-Mediacion-sistemica.png","contentUrl":"https:\/\/institutoasgard.com\/wp-content\/uploads\/2022\/05\/Taller-6-Mediacion-sistemica.png","width":1080,"height":1080,"caption":"Taller Mediaci\u00f3n sist\u00e9mica - Instituto Asgard"},{"@type":"WebPage","@id":"https:\/\/institutoasgard.com\/index.php\/producto\/mediacion-sistemica\/#webpage","url":"https:\/\/institutoasgard.com\/index.php\/producto\/mediacion-sistemica\/","name":"Mediaci\u00f3n sist\u00e9mica - Instituto Asgard","isPartOf":{"@id":"https:\/\/institutoasgard.com\/#website"},"primaryImageOfPage":{"@id":"https:\/\/institutoasgard.com\/index.php\/producto\/mediacion-sistemica\/#primaryimage"},"datePublished":"2022-05-14T03:56:01+00:00","dateModified":"2022-05-14T03:56:01+00:00","description":"Profesionales, gerentes, terapeutas, docentes, dirigentes, parejas, socios y toda persona interesada en buscar soluciones pr\u00e1cticas","breadcrumb":{"@id":"https:\/\/institutoasgard.com\/index.php\/producto\/mediacion-sistemica\/#breadcrumb"},"inLanguage":"es","potentialAction":[{"@type":"ReadAction","target":["https:\/\/institutoasgard.com\/index.php\/producto\/mediacion-sistemica\/"]}]},{"@type":"BreadcrumbList","@id":"https:\/\/institutoasgard.com\/index.php\/producto\/mediacion-sistemica\/#breadcrumb","itemListElement":[{"@type":"ListItem","position":1,"name":"Inicio","item":"https:\/\/institutoasgard.com\/"},{"@type":"ListItem","position":2,"name":"Mediaci\u00f3n sist\u00e9mica"}]}]}},"_links":{"self":[{"href":"https:\/\/institutoasgard.com\/index.php\/wp-json\/wp\/v2\/product\/1462","targetHints":{"allow":["GET"]}}],"collection":[{"href":"https:\/\/institutoasgard.com\/index.php\/wp-json\/wp\/v2\/product"}],"about":[{"href":"https:\/\/institutoasgard.com\/index.php\/wp-json\/wp\/v2\/types\/product"}],"replies":[{"embeddable":true,"href":"https:\/\/institutoasgard.com\/index.php\/wp-json\/wp\/v2\/comments?post=1462"}],"wp:featuredmedia":[{"embeddable":true,"href":"https:\/\/institutoasgard.com\/index.php\/wp-json\/wp\/v2\/media\/1463"}],"wp:attachment":[{"href":"https:\/\/institutoasgard.com\/index.php\/wp-json\/wp\/v2\/media?parent=1462"}],"wp:term":[{"taxonomy":"product_cat","embeddable":true,"href":"https:\/\/institutoasgard.com\/index.php\/wp-json\/wp\/v2\/product_cat?post=1462"},{"taxonomy":"product_tag","embeddable":true,"href":"https:\/\/institutoasgard.com\/index.php\/wp-json\/wp\/v2\/product_tag?post=1462"}],"curies":[{"name":"wp","href":"https:\/\/api.w.org\/{rel}","templated":true}]}}