{"id":1466,"date":"2022-05-14T00:14:09","date_gmt":"2022-05-14T04:14:09","guid":{"rendered":"https:\/\/institutoasgard.com\/?post_type=product&#038;p=1466"},"modified":"2022-05-14T00:14:09","modified_gmt":"2022-05-14T04:14:09","slug":"disfrutando-de-nuestro-nino-maravilloso","status":"publish","type":"product","link":"https:\/\/institutoasgard.com\/index.php\/producto\/disfrutando-de-nuestro-nino-maravilloso\/","title":{"rendered":"Disfrutando de nuestro ni\u00f1o maravilloso"},"content":{"rendered":"<b>Objetivo<\/b><span style=\"font-weight: 400;\">:\u00a0 <\/span><span style=\"font-weight: 400;\">Conectar con tu ni\u00f1o maravilloso y crearle un espacio de juego en tu vida.<\/span>\r\n\r\n<span style=\"font-weight: 400;\">John Bradshaw, psic\u00f3logo y autor estadounidense quien a trav\u00e9s de su libro Volver a casa, hace un recorrido psicol\u00f3gico por las diferentes etapas del ni\u00f1o y nos muestra como se puede contaminar. Sin embargo, tambi\u00e9n nos ense\u00f1a las m\u00faltiples maneras de cuidarlo y sanarlo para lograr una vida plena y a la vez, cuidar de nuestros propios hijos de manera adecuada.<\/span>\r\n\r\n<b>Dirigido a:<\/b><span style=\"font-weight: 400;\"> Hombres, mujeres en edad adulta.<\/span>\r\n\r\n<b>Duraci\u00f3n: <\/b><span style=\"font-weight: 400;\">1 hora y 30 minutos.<\/span>\r\n\r\n<b>Facilitadora:<\/b><span style=\"font-weight: 400;\"><a href=\"https:\/\/www.instagram.com\/loida.mpa\/?hl=en\"> Loida Perez<\/a>, <a href=\"https:\/\/www.instagram.com\/beagraficoach\/?hl=en\">Beatriz Serra<\/a> y <a href=\"https:\/\/www.instagram.com\/agathacdl\/?hl=en\">Agatha Carrillo<\/a>.<\/span>","protected":false},"excerpt":{"rendered":"<p>Objetivo:\u00a0 Conectar con tu ni\u00f1o maravilloso y crearle un espacio de juego en tu vida. John Bradshaw, psic\u00f3logo y autor estadounidense quien a trav\u00e9s de su libro Volver a casa, hace un recorrido psicol\u00f3gico por las diferentes etapas del ni\u00f1o y nos muestra como se puede contaminar. Sin embargo, tambi\u00e9n nos ense\u00f1a las m\u00faltiples maneras [&hellip;]<\/p>\n","protected":false},"featured_media":1467,"comment_status":"open","ping_status":"closed","template":"","meta":[],"product_cat":[18],"product_tag":[],"class_list":["post-1466","product","type-product","status-publish","has-post-thumbnail","hentry","product_cat-talleres"],"yoast_head":"<!-- This site is optimized with the Yoast SEO plugin v18.8 - https:\/\/yoast.com\/wordpress\/plugins\/seo\/ -->\n<title>Disfrutando de nuestro ni\u00f1o maravilloso - Instituto Asgard<\/title>\n<meta name=\"description\" content=\"Hombres, mujeres en edad adulta\" \/>\n<meta name=\"robots\" content=\"index, follow, max-snippet:-1, max-image-preview:large, max-video-preview:-1\" \/>\n<link rel=\"canonical\" href=\"https:\/\/institutoasgard.com\/index.php\/producto\/disfrutando-de-nuestro-nino-maravilloso\/\" \/>\n<meta property=\"og:locale\" content=\"es_ES\" \/>\n<meta property=\"og:type\" content=\"article\" \/>\n<meta property=\"og:title\" content=\"Disfrutando de nuestro ni\u00f1o maravilloso - Instituto Asgard\" \/>\n<meta property=\"og:description\" content=\"Hombres, mujeres en edad adulta\" \/>\n<meta property=\"og:url\" content=\"https:\/\/institutoasgard.com\/index.php\/producto\/disfrutando-de-nuestro-nino-maravilloso\/\" \/>\n<meta property=\"og:site_name\" content=\"Instituto Asgard\" \/>\n<meta property=\"og:image\" content=\"https:\/\/institutoasgard.com\/wp-content\/uploads\/2022\/05\/Taller-8-Nino-maravilloso.png\" \/>\n\t<meta property=\"og:image:width\" content=\"1080\" \/>\n\t<meta property=\"og:image:height\" content=\"1080\" \/>\n\t<meta property=\"og:image:type\" content=\"image\/png\" \/>\n<meta name=\"twitter:card\" content=\"summary_large_image\" \/>\n<meta name=\"twitter:label1\" content=\"Tiempo estimado de lectura\" \/>\n\t<meta name=\"twitter:data1\" content=\"1 minuto\" \/>\n<script type=\"application\/ld+json\" class=\"yoast-schema-graph\">{\"@context\":\"https:\/\/schema.org\",\"@graph\":[{\"@type\":\"WebSite\",\"@id\":\"https:\/\/institutoasgard.com\/#website\",\"url\":\"https:\/\/institutoasgard.com\/\",\"name\":\"Instituto Asgard\",\"description\":\"\",\"potentialAction\":[{\"@type\":\"SearchAction\",\"target\":{\"@type\":\"EntryPoint\",\"urlTemplate\":\"https:\/\/institutoasgard.com\/?s={search_term_string}\"},\"query-input\":\"required name=search_term_string\"}],\"inLanguage\":\"es\"},{\"@type\":\"ImageObject\",\"inLanguage\":\"es\",\"@id\":\"https:\/\/institutoasgard.com\/index.php\/producto\/disfrutando-de-nuestro-nino-maravilloso\/#primaryimage\",\"url\":\"https:\/\/institutoasgard.com\/wp-content\/uploads\/2022\/05\/Taller-8-Nino-maravilloso.png\",\"contentUrl\":\"https:\/\/institutoasgard.com\/wp-content\/uploads\/2022\/05\/Taller-8-Nino-maravilloso.png\",\"width\":1080,\"height\":1080,\"caption\":\"Taller Disfrutando de nuestro ni\u00f1o maravilloso - Instituto Asgard\"},{\"@type\":\"WebPage\",\"@id\":\"https:\/\/institutoasgard.com\/index.php\/producto\/disfrutando-de-nuestro-nino-maravilloso\/#webpage\",\"url\":\"https:\/\/institutoasgard.com\/index.php\/producto\/disfrutando-de-nuestro-nino-maravilloso\/\",\"name\":\"Disfrutando de nuestro ni\u00f1o maravilloso - Instituto Asgard\",\"isPartOf\":{\"@id\":\"https:\/\/institutoasgard.com\/#website\"},\"primaryImageOfPage\":{\"@id\":\"https:\/\/institutoasgard.com\/index.php\/producto\/disfrutando-de-nuestro-nino-maravilloso\/#primaryimage\"},\"datePublished\":\"2022-05-14T04:14:09+00:00\",\"dateModified\":\"2022-05-14T04:14:09+00:00\",\"description\":\"Hombres, mujeres en edad adulta\",\"breadcrumb\":{\"@id\":\"https:\/\/institutoasgard.com\/index.php\/producto\/disfrutando-de-nuestro-nino-maravilloso\/#breadcrumb\"},\"inLanguage\":\"es\",\"potentialAction\":[{\"@type\":\"ReadAction\",\"target\":[\"https:\/\/institutoasgard.com\/index.php\/producto\/disfrutando-de-nuestro-nino-maravilloso\/\"]}]},{\"@type\":\"BreadcrumbList\",\"@id\":\"https:\/\/institutoasgard.com\/index.php\/producto\/disfrutando-de-nuestro-nino-maravilloso\/#breadcrumb\",\"itemListElement\":[{\"@type\":\"ListItem\",\"position\":1,\"name\":\"Inicio\",\"item\":\"https:\/\/institutoasgard.com\/\"},{\"@type\":\"ListItem\",\"position\":2,\"name\":\"Disfrutando de nuestro ni\u00f1o maravilloso\"}]}]}<\/script>\n<!-- \/ Yoast SEO plugin. -->","yoast_head_json":{"title":"Disfrutando de nuestro ni\u00f1o maravilloso - Instituto Asgard","description":"Hombres, mujeres en edad adulta","robots":{"index":"index","follow":"follow","max-snippet":"max-snippet:-1","max-image-preview":"max-image-preview:large","max-video-preview":"max-video-preview:-1"},"canonical":"https:\/\/institutoasgard.com\/index.php\/producto\/disfrutando-de-nuestro-nino-maravilloso\/","og_locale":"es_ES","og_type":"article","og_title":"Disfrutando de nuestro ni\u00f1o maravilloso - Instituto Asgard","og_description":"Hombres, mujeres en edad adulta","og_url":"https:\/\/institutoasgard.com\/index.php\/producto\/disfrutando-de-nuestro-nino-maravilloso\/","og_site_name":"Instituto Asgard","og_image":[{"width":1080,"height":1080,"url":"https:\/\/institutoasgard.com\/wp-content\/uploads\/2022\/05\/Taller-8-Nino-maravilloso.png","type":"image\/png"}],"twitter_card":"summary_large_image","twitter_misc":{"Tiempo estimado de lectura":"1 minuto"},"schema":{"@context":"https:\/\/schema.org","@graph":[{"@type":"WebSite","@id":"https:\/\/institutoasgard.com\/#website","url":"https:\/\/institutoasgard.com\/","name":"Instituto Asgard","description":"","potentialAction":[{"@type":"SearchAction","target":{"@type":"EntryPoint","urlTemplate":"https:\/\/institutoasgard.com\/?s={search_term_string}"},"query-input":"required name=search_term_string"}],"inLanguage":"es"},{"@type":"ImageObject","inLanguage":"es","@id":"https:\/\/institutoasgard.com\/index.php\/producto\/disfrutando-de-nuestro-nino-maravilloso\/#primaryimage","url":"https:\/\/institutoasgard.com\/wp-content\/uploads\/2022\/05\/Taller-8-Nino-maravilloso.png","contentUrl":"https:\/\/institutoasgard.com\/wp-content\/uploads\/2022\/05\/Taller-8-Nino-maravilloso.png","width":1080,"height":1080,"caption":"Taller Disfrutando de nuestro ni\u00f1o maravilloso - Instituto Asgard"},{"@type":"WebPage","@id":"https:\/\/institutoasgard.com\/index.php\/producto\/disfrutando-de-nuestro-nino-maravilloso\/#webpage","url":"https:\/\/institutoasgard.com\/index.php\/producto\/disfrutando-de-nuestro-nino-maravilloso\/","name":"Disfrutando de nuestro ni\u00f1o maravilloso - Instituto Asgard","isPartOf":{"@id":"https:\/\/institutoasgard.com\/#website"},"primaryImageOfPage":{"@id":"https:\/\/institutoasgard.com\/index.php\/producto\/disfrutando-de-nuestro-nino-maravilloso\/#primaryimage"},"datePublished":"2022-05-14T04:14:09+00:00","dateModified":"2022-05-14T04:14:09+00:00","description":"Hombres, mujeres en edad adulta","breadcrumb":{"@id":"https:\/\/institutoasgard.com\/index.php\/producto\/disfrutando-de-nuestro-nino-maravilloso\/#breadcrumb"},"inLanguage":"es","potentialAction":[{"@type":"ReadAction","target":["https:\/\/institutoasgard.com\/index.php\/producto\/disfrutando-de-nuestro-nino-maravilloso\/"]}]},{"@type":"BreadcrumbList","@id":"https:\/\/institutoasgard.com\/index.php\/producto\/disfrutando-de-nuestro-nino-maravilloso\/#breadcrumb","itemListElement":[{"@type":"ListItem","position":1,"name":"Inicio","item":"https:\/\/institutoasgard.com\/"},{"@type":"ListItem","position":2,"name":"Disfrutando de nuestro ni\u00f1o maravilloso"}]}]}},"_links":{"self":[{"href":"https:\/\/institutoasgard.com\/index.php\/wp-json\/wp\/v2\/product\/1466","targetHints":{"allow":["GET"]}}],"collection":[{"href":"https:\/\/institutoasgard.com\/index.php\/wp-json\/wp\/v2\/product"}],"about":[{"href":"https:\/\/institutoasgard.com\/index.php\/wp-json\/wp\/v2\/types\/product"}],"replies":[{"embeddable":true,"href":"https:\/\/institutoasgard.com\/index.php\/wp-json\/wp\/v2\/comments?post=1466"}],"wp:featuredmedia":[{"embeddable":true,"href":"https:\/\/institutoasgard.com\/index.php\/wp-json\/wp\/v2\/media\/1467"}],"wp:attachment":[{"href":"https:\/\/institutoasgard.com\/index.php\/wp-json\/wp\/v2\/media?parent=1466"}],"wp:term":[{"taxonomy":"product_cat","embeddable":true,"href":"https:\/\/institutoasgard.com\/index.php\/wp-json\/wp\/v2\/product_cat?post=1466"},{"taxonomy":"product_tag","embeddable":true,"href":"https:\/\/institutoasgard.com\/index.php\/wp-json\/wp\/v2\/product_tag?post=1466"}],"curies":[{"name":"wp","href":"https:\/\/api.w.org\/{rel}","templated":true}]}}