{"id":1468,"date":"2022-05-14T00:20:21","date_gmt":"2022-05-14T04:20:21","guid":{"rendered":"https:\/\/institutoasgard.com\/?post_type=product&#038;p=1468"},"modified":"2022-05-14T07:52:51","modified_gmt":"2022-05-14T11:52:51","slug":"marca-personal-arquetipal-y-el-alma-familiar","status":"publish","type":"product","link":"https:\/\/institutoasgard.com\/index.php\/producto\/marca-personal-arquetipal-y-el-alma-familiar\/","title":{"rendered":"Marca personal arquetipal y el alma familiar"},"content":{"rendered":"<b>Objetivo:<\/b><span style=\"font-weight: 400;\"> Contactar con tu arquetipo generacional.<\/span>\r\n\r\n<span style=\"font-weight: 400;\">\u00a0Los arquetipos est\u00e1n ligados a los mitos y a las historias personales, nos vemos reflejados all\u00ed tal como en un espejo, a veces no podemos reconocernos. En este taller iniciar\u00e1s ese camino y podr\u00e1s dejar, quiz\u00e1s, algunas rocas en el viaje para aligerar la carga y empezar a mirar con otros ojos los tesoros que vienen contigo.<\/span>\r\n\r\n&nbsp;\r\n\r\n<span style=\"font-weight: 400;\">Estudiaremos los siguientes aspectos: El impresentable inconsciente y tu Yo<\/span>\r\n\r\n<span style=\"font-weight: 400;\">malhumorado. Los Dioses (arquetipos) que te hacen feliz. La psique y su<\/span>\r\n\r\n<span style=\"font-weight: 400;\">transformaci\u00f3n y finalizamos con tu Marca en el camino de tu alma.<\/span>\r\n\r\n&nbsp;\r\n\r\n<b>Dirigido a:<\/b><span style=\"font-weight: 400;\"> Hombres y mujeres de 18 a\u00f1os en adelante.<\/span>\r\n\r\n<b>Duraci\u00f3n: <\/b><span style=\"font-weight: 400;\">1 hora y 30 minutos.<\/span>\r\n\r\n<b>Facilitadora:<\/b><a href=\"https:\/\/www.instagram.com\/loida.mpa\/?hl=en\"><span style=\"font-weight: 400;\"> Loida Perez<\/span><\/a>","protected":false},"excerpt":{"rendered":"<p><b>Objetivo:<\/b><span style=\"font-weight: 400;\"> Contactar con tu arquetipo generacional.<\/span><\/p>\n<p><span style=\"font-weight: 400;\">\u00a0Los arquetipos est\u00e1n ligados a los mitos y a las historias personales, nos vemos reflejados all\u00ed tal como en un espejo, a veces no podemos reconocernos. En este taller iniciar\u00e1s ese camino y podr\u00e1s dejar, quiz\u00e1s, algunas rocas en el viaje para aligerar la carga y empezar a mirar con otros ojos los tesoros que vienen contigo.<\/span><\/p>\n<p><span style=\"font-weight: 400;\">Estudiaremos los siguientes aspectos: El impresentable inconsciente y tu Yo\u00a0<\/span><span style=\"font-weight: 400;\">malhumorado. Los Dioses (arquetipos) que te hacen feliz. La psique y su\u00a0<\/span><span style=\"font-weight: 400;\">transformaci\u00f3n y finalizamos con tu Marca en el camino de tu alma.<\/span><\/p>\n<p><b>Dirigido a:<\/b><span style=\"font-weight: 400;\"> Hombres y mujeres de 18 a\u00f1os en adelante.<\/span><\/p>\n<p><b>Duraci\u00f3n: <\/b><span style=\"font-weight: 400;\">1 hora y 30 minutos.<\/span><\/p>\n<p><b>Facilitadora:<\/b><a href=\"https:\/\/www.instagram.com\/loida.mpa\/?hl=en\"><span style=\"font-weight: 400;\"> Loida Perez<\/span><\/a><\/p>\n","protected":false},"featured_media":1479,"comment_status":"open","ping_status":"closed","template":"","meta":[],"product_cat":[18],"product_tag":[],"class_list":["post-1468","product","type-product","status-publish","has-post-thumbnail","hentry","product_cat-talleres"],"yoast_head":"<!-- This site is optimized with the Yoast SEO plugin v18.8 - https:\/\/yoast.com\/wordpress\/plugins\/seo\/ -->\n<title>Marca personal arquetipal y el alma familiar - Instituto Asgard<\/title>\n<meta name=\"description\" content=\"Hombres y mujeres de 18 a\u00f1os en adelante\" \/>\n<meta name=\"robots\" content=\"index, follow, max-snippet:-1, max-image-preview:large, max-video-preview:-1\" \/>\n<link rel=\"canonical\" href=\"https:\/\/institutoasgard.com\/index.php\/producto\/marca-personal-arquetipal-y-el-alma-familiar\/\" \/>\n<meta property=\"og:locale\" content=\"es_ES\" \/>\n<meta property=\"og:type\" content=\"article\" \/>\n<meta property=\"og:title\" content=\"Marca personal arquetipal y el alma familiar - Instituto Asgard\" \/>\n<meta property=\"og:description\" content=\"Hombres y mujeres de 18 a\u00f1os en adelante\" \/>\n<meta property=\"og:url\" content=\"https:\/\/institutoasgard.com\/index.php\/producto\/marca-personal-arquetipal-y-el-alma-familiar\/\" \/>\n<meta property=\"og:site_name\" content=\"Instituto Asgard\" \/>\n<meta property=\"article:modified_time\" content=\"2022-05-14T11:52:51+00:00\" \/>\n<meta property=\"og:image\" content=\"https:\/\/institutoasgard.com\/wp-content\/uploads\/2022\/05\/Taller-MArca-Personal-Arquetipal-Loida.jpg\" \/>\n\t<meta property=\"og:image:width\" content=\"810\" \/>\n\t<meta property=\"og:image:height\" content=\"810\" \/>\n\t<meta property=\"og:image:type\" content=\"image\/jpeg\" \/>\n<meta name=\"twitter:card\" content=\"summary_large_image\" \/>\n<meta name=\"twitter:label1\" content=\"Tiempo estimado de lectura\" \/>\n\t<meta name=\"twitter:data1\" content=\"1 minuto\" \/>\n<script type=\"application\/ld+json\" class=\"yoast-schema-graph\">{\"@context\":\"https:\/\/schema.org\",\"@graph\":[{\"@type\":\"WebSite\",\"@id\":\"https:\/\/institutoasgard.com\/#website\",\"url\":\"https:\/\/institutoasgard.com\/\",\"name\":\"Instituto Asgard\",\"description\":\"\",\"potentialAction\":[{\"@type\":\"SearchAction\",\"target\":{\"@type\":\"EntryPoint\",\"urlTemplate\":\"https:\/\/institutoasgard.com\/?s={search_term_string}\"},\"query-input\":\"required name=search_term_string\"}],\"inLanguage\":\"es\"},{\"@type\":\"ImageObject\",\"inLanguage\":\"es\",\"@id\":\"https:\/\/institutoasgard.com\/index.php\/producto\/marca-personal-arquetipal-y-el-alma-familiar\/#primaryimage\",\"url\":\"https:\/\/institutoasgard.com\/wp-content\/uploads\/2022\/05\/Taller-MArca-Personal-Arquetipal-Loida.jpg\",\"contentUrl\":\"https:\/\/institutoasgard.com\/wp-content\/uploads\/2022\/05\/Taller-MArca-Personal-Arquetipal-Loida.jpg\",\"width\":810,\"height\":810},{\"@type\":\"WebPage\",\"@id\":\"https:\/\/institutoasgard.com\/index.php\/producto\/marca-personal-arquetipal-y-el-alma-familiar\/#webpage\",\"url\":\"https:\/\/institutoasgard.com\/index.php\/producto\/marca-personal-arquetipal-y-el-alma-familiar\/\",\"name\":\"Marca personal arquetipal y el alma familiar - Instituto Asgard\",\"isPartOf\":{\"@id\":\"https:\/\/institutoasgard.com\/#website\"},\"primaryImageOfPage\":{\"@id\":\"https:\/\/institutoasgard.com\/index.php\/producto\/marca-personal-arquetipal-y-el-alma-familiar\/#primaryimage\"},\"datePublished\":\"2022-05-14T04:20:21+00:00\",\"dateModified\":\"2022-05-14T11:52:51+00:00\",\"description\":\"Hombres y mujeres de 18 a\u00f1os en adelante\",\"breadcrumb\":{\"@id\":\"https:\/\/institutoasgard.com\/index.php\/producto\/marca-personal-arquetipal-y-el-alma-familiar\/#breadcrumb\"},\"inLanguage\":\"es\",\"potentialAction\":[{\"@type\":\"ReadAction\",\"target\":[\"https:\/\/institutoasgard.com\/index.php\/producto\/marca-personal-arquetipal-y-el-alma-familiar\/\"]}]},{\"@type\":\"BreadcrumbList\",\"@id\":\"https:\/\/institutoasgard.com\/index.php\/producto\/marca-personal-arquetipal-y-el-alma-familiar\/#breadcrumb\",\"itemListElement\":[{\"@type\":\"ListItem\",\"position\":1,\"name\":\"Inicio\",\"item\":\"https:\/\/institutoasgard.com\/\"},{\"@type\":\"ListItem\",\"position\":2,\"name\":\"Marca personal arquetipal y el alma familiar\"}]}]}<\/script>\n<!-- \/ Yoast SEO plugin. -->","yoast_head_json":{"title":"Marca personal arquetipal y el alma familiar - Instituto Asgard","description":"Hombres y mujeres de 18 a\u00f1os en adelante","robots":{"index":"index","follow":"follow","max-snippet":"max-snippet:-1","max-image-preview":"max-image-preview:large","max-video-preview":"max-video-preview:-1"},"canonical":"https:\/\/institutoasgard.com\/index.php\/producto\/marca-personal-arquetipal-y-el-alma-familiar\/","og_locale":"es_ES","og_type":"article","og_title":"Marca personal arquetipal y el alma familiar - Instituto Asgard","og_description":"Hombres y mujeres de 18 a\u00f1os en adelante","og_url":"https:\/\/institutoasgard.com\/index.php\/producto\/marca-personal-arquetipal-y-el-alma-familiar\/","og_site_name":"Instituto Asgard","article_modified_time":"2022-05-14T11:52:51+00:00","og_image":[{"width":810,"height":810,"url":"https:\/\/institutoasgard.com\/wp-content\/uploads\/2022\/05\/Taller-MArca-Personal-Arquetipal-Loida.jpg","type":"image\/jpeg"}],"twitter_card":"summary_large_image","twitter_misc":{"Tiempo estimado de lectura":"1 minuto"},"schema":{"@context":"https:\/\/schema.org","@graph":[{"@type":"WebSite","@id":"https:\/\/institutoasgard.com\/#website","url":"https:\/\/institutoasgard.com\/","name":"Instituto Asgard","description":"","potentialAction":[{"@type":"SearchAction","target":{"@type":"EntryPoint","urlTemplate":"https:\/\/institutoasgard.com\/?s={search_term_string}"},"query-input":"required name=search_term_string"}],"inLanguage":"es"},{"@type":"ImageObject","inLanguage":"es","@id":"https:\/\/institutoasgard.com\/index.php\/producto\/marca-personal-arquetipal-y-el-alma-familiar\/#primaryimage","url":"https:\/\/institutoasgard.com\/wp-content\/uploads\/2022\/05\/Taller-MArca-Personal-Arquetipal-Loida.jpg","contentUrl":"https:\/\/institutoasgard.com\/wp-content\/uploads\/2022\/05\/Taller-MArca-Personal-Arquetipal-Loida.jpg","width":810,"height":810},{"@type":"WebPage","@id":"https:\/\/institutoasgard.com\/index.php\/producto\/marca-personal-arquetipal-y-el-alma-familiar\/#webpage","url":"https:\/\/institutoasgard.com\/index.php\/producto\/marca-personal-arquetipal-y-el-alma-familiar\/","name":"Marca personal arquetipal y el alma familiar - Instituto Asgard","isPartOf":{"@id":"https:\/\/institutoasgard.com\/#website"},"primaryImageOfPage":{"@id":"https:\/\/institutoasgard.com\/index.php\/producto\/marca-personal-arquetipal-y-el-alma-familiar\/#primaryimage"},"datePublished":"2022-05-14T04:20:21+00:00","dateModified":"2022-05-14T11:52:51+00:00","description":"Hombres y mujeres de 18 a\u00f1os en adelante","breadcrumb":{"@id":"https:\/\/institutoasgard.com\/index.php\/producto\/marca-personal-arquetipal-y-el-alma-familiar\/#breadcrumb"},"inLanguage":"es","potentialAction":[{"@type":"ReadAction","target":["https:\/\/institutoasgard.com\/index.php\/producto\/marca-personal-arquetipal-y-el-alma-familiar\/"]}]},{"@type":"BreadcrumbList","@id":"https:\/\/institutoasgard.com\/index.php\/producto\/marca-personal-arquetipal-y-el-alma-familiar\/#breadcrumb","itemListElement":[{"@type":"ListItem","position":1,"name":"Inicio","item":"https:\/\/institutoasgard.com\/"},{"@type":"ListItem","position":2,"name":"Marca personal arquetipal y el alma familiar"}]}]}},"_links":{"self":[{"href":"https:\/\/institutoasgard.com\/index.php\/wp-json\/wp\/v2\/product\/1468","targetHints":{"allow":["GET"]}}],"collection":[{"href":"https:\/\/institutoasgard.com\/index.php\/wp-json\/wp\/v2\/product"}],"about":[{"href":"https:\/\/institutoasgard.com\/index.php\/wp-json\/wp\/v2\/types\/product"}],"replies":[{"embeddable":true,"href":"https:\/\/institutoasgard.com\/index.php\/wp-json\/wp\/v2\/comments?post=1468"}],"wp:featuredmedia":[{"embeddable":true,"href":"https:\/\/institutoasgard.com\/index.php\/wp-json\/wp\/v2\/media\/1479"}],"wp:attachment":[{"href":"https:\/\/institutoasgard.com\/index.php\/wp-json\/wp\/v2\/media?parent=1468"}],"wp:term":[{"taxonomy":"product_cat","embeddable":true,"href":"https:\/\/institutoasgard.com\/index.php\/wp-json\/wp\/v2\/product_cat?post=1468"},{"taxonomy":"product_tag","embeddable":true,"href":"https:\/\/institutoasgard.com\/index.php\/wp-json\/wp\/v2\/product_tag?post=1468"}],"curies":[{"name":"wp","href":"https:\/\/api.w.org\/{rel}","templated":true}]}}