{"id":1469,"date":"2022-05-14T00:27:52","date_gmt":"2022-05-14T04:27:52","guid":{"rendered":"https:\/\/institutoasgard.com\/?post_type=product&#038;p=1469"},"modified":"2022-05-14T00:27:52","modified_gmt":"2022-05-14T04:27:52","slug":"relaciones-perfectas-entre-hermanos-y-los-conflictos-familiares","status":"publish","type":"product","link":"https:\/\/institutoasgard.com\/index.php\/producto\/relaciones-perfectas-entre-hermanos-y-los-conflictos-familiares\/","title":{"rendered":"Relaciones \u201cperfectas\u201d entre hermanos y los conflictos familiares"},"content":{"rendered":"<b>Objetivo<\/b><span style=\"font-weight: 400;\">:\u00a0<\/span>\r\n\r\n<span style=\"font-weight: 400;\">Comprender cu\u00e1les son las din\u00e1micas familiares que han dado origen a las diferencias que viven los hermanos, as\u00ed como tambi\u00e9n aprender herramientas que le ayudar\u00e1n a mejorarlas.<\/span>\r\n\r\n<span style=\"font-weight: 400;\">Las relaciones que tenemos con nuestros hermanos pueden tener brechas emocionales que nos separan. Es muy com\u00fan que a lo largo de la vida tengamos diferencias con ellos e incluso se presenten conflictos que sintamos que sean irremediables.\u00a0\u00a0<\/span>\r\n\r\n<span style=\"font-weight: 400;\">Te invitamos a este taller para mirar de forma distinta y tomar conciencia de tus relaciones fraternales.<\/span>\r\n\r\n<span style=\"font-weight: 400;\">El taller te ayuda a ordenar y entender porqu\u00e9 tenemos las relaciones que tenemos con nuestros hermanos.<\/span>\r\n\r\n<span style=\"font-weight: 400;\">A trav\u00e9s de ejercicios pr\u00e1cticos y sencillos permite ver y ampliar el punto de vista con respecto a los hermanos.<\/span>\r\n\r\n<b>Dirigido a<\/b><span style=\"font-weight: 400;\">: Toda persona interesadas en comprender y mejorar las relaciones conflictivas con su hermandad.\u00a0<\/span>\r\n\r\n<b>Duraci\u00f3n<\/b><span style=\"font-weight: 400;\">: 2 horas\u00a0<\/span>\r\n\r\n<b>Facilitadoras<\/b><span style=\"font-weight: 400;\">: <a href=\"https:\/\/www.instagram.com\/agathacdl\/?hl=en\">Agatha Carrillo<\/a> y <a href=\"https:\/\/www.instagram.com\/beagraficoach\/?hl=en\">Beatriz Serra<\/a><\/span>","protected":false},"excerpt":{"rendered":"<p><b>Objetivo<\/b><span style=\"font-weight: 400;\">:\u00a0<\/span><\/p>\n<p><span style=\"font-weight: 400;\">Comprender cu\u00e1les son las din\u00e1micas familiares que han dado origen a las diferencias que viven los hermanos, as\u00ed como tambi\u00e9n aprender herramientas que le ayudar\u00e1n a mejorarlas.<\/span><\/p>\n<p><span style=\"font-weight: 400;\">Las relaciones que tenemos con nuestros hermanos pueden tener brechas emocionales que nos separan. Es muy com\u00fan que a lo largo de la vida tengamos diferencias con ellos e incluso se presenten conflictos que sintamos que sean irremediables.\u00a0\u00a0<\/span><\/p>\n<p><span style=\"font-weight: 400;\">Te invitamos a este taller para mirar de forma distinta y tomar conciencia de tus relaciones fraternales.\u00a0<\/span><span style=\"font-weight: 400;\">El taller te ayuda a ordenar y entender porqu\u00e9 tenemos las relaciones que tenemos con nuestros hermanos.\u00a0<\/span><span style=\"font-weight: 400;\">A trav\u00e9s de ejercicios pr\u00e1cticos y sencillos permite ver y ampliar el punto de vista con respecto a los hermanos.<\/span><\/p>\n<p><b>Dirigido a<\/b><span style=\"font-weight: 400;\">: Toda persona interesadas en comprender y mejorar las relaciones conflictivas con su hermandad.\u00a0<\/span><\/p>\n<p><b>Duraci\u00f3n<\/b><span style=\"font-weight: 400;\">: 2 horas\u00a0<\/span><\/p>\n<p><b>Facilitadoras<\/b><span style=\"font-weight: 400;\">: <a href=\"https:\/\/www.instagram.com\/agathacdl\/?hl=en\">Agatha Carrillo<\/a> y <a href=\"https:\/\/www.instagram.com\/beagraficoach\/?hl=en\">Beatriz Serra<\/a><\/span><\/p>\n","protected":false},"featured_media":1470,"comment_status":"open","ping_status":"closed","template":"","meta":[],"product_cat":[18],"product_tag":[],"class_list":["post-1469","product","type-product","status-publish","has-post-thumbnail","hentry","product_cat-talleres"],"yoast_head":"<!-- This site is optimized with the Yoast SEO plugin v18.8 - https:\/\/yoast.com\/wordpress\/plugins\/seo\/ -->\n<title>Relaciones \u201cperfectas\u201d entre hermanos y los conflictos familiares - Instituto Asgard<\/title>\n<meta name=\"description\" content=\"Toda persona interesadas en comprender y mejorar las relaciones conflictivas con su hermandad\" \/>\n<meta name=\"robots\" content=\"index, follow, max-snippet:-1, max-image-preview:large, max-video-preview:-1\" \/>\n<link rel=\"canonical\" href=\"https:\/\/institutoasgard.com\/index.php\/producto\/relaciones-perfectas-entre-hermanos-y-los-conflictos-familiares\/\" \/>\n<meta property=\"og:locale\" content=\"es_ES\" \/>\n<meta property=\"og:type\" content=\"article\" \/>\n<meta property=\"og:title\" content=\"Relaciones \u201cperfectas\u201d entre hermanos y los conflictos familiares - Instituto Asgard\" \/>\n<meta property=\"og:description\" content=\"Toda persona interesadas en comprender y mejorar las relaciones conflictivas con su hermandad\" \/>\n<meta property=\"og:url\" content=\"https:\/\/institutoasgard.com\/index.php\/producto\/relaciones-perfectas-entre-hermanos-y-los-conflictos-familiares\/\" \/>\n<meta property=\"og:site_name\" content=\"Instituto Asgard\" \/>\n<meta property=\"og:image\" content=\"https:\/\/institutoasgard.com\/wp-content\/uploads\/2022\/05\/Taller-10-Hermanos-Beatriz-y-Agatha.jpg\" \/>\n\t<meta property=\"og:image:width\" content=\"634\" \/>\n\t<meta property=\"og:image:height\" content=\"673\" \/>\n\t<meta property=\"og:image:type\" content=\"image\/jpeg\" \/>\n<meta name=\"twitter:card\" content=\"summary_large_image\" \/>\n<meta name=\"twitter:label1\" content=\"Tiempo estimado de lectura\" \/>\n\t<meta name=\"twitter:data1\" content=\"1 minuto\" \/>\n<script type=\"application\/ld+json\" class=\"yoast-schema-graph\">{\"@context\":\"https:\/\/schema.org\",\"@graph\":[{\"@type\":\"WebSite\",\"@id\":\"https:\/\/institutoasgard.com\/#website\",\"url\":\"https:\/\/institutoasgard.com\/\",\"name\":\"Instituto Asgard\",\"description\":\"\",\"potentialAction\":[{\"@type\":\"SearchAction\",\"target\":{\"@type\":\"EntryPoint\",\"urlTemplate\":\"https:\/\/institutoasgard.com\/?s={search_term_string}\"},\"query-input\":\"required name=search_term_string\"}],\"inLanguage\":\"es\"},{\"@type\":\"ImageObject\",\"inLanguage\":\"es\",\"@id\":\"https:\/\/institutoasgard.com\/index.php\/producto\/relaciones-perfectas-entre-hermanos-y-los-conflictos-familiares\/#primaryimage\",\"url\":\"https:\/\/institutoasgard.com\/wp-content\/uploads\/2022\/05\/Taller-10-Hermanos-Beatriz-y-Agatha.jpg\",\"contentUrl\":\"https:\/\/institutoasgard.com\/wp-content\/uploads\/2022\/05\/Taller-10-Hermanos-Beatriz-y-Agatha.jpg\",\"width\":634,\"height\":673,\"caption\":\"Taller Relaciones \u201cperfectas\u201d entre hermanos y los conflictos familiares. - Instituto Asgard\"},{\"@type\":\"WebPage\",\"@id\":\"https:\/\/institutoasgard.com\/index.php\/producto\/relaciones-perfectas-entre-hermanos-y-los-conflictos-familiares\/#webpage\",\"url\":\"https:\/\/institutoasgard.com\/index.php\/producto\/relaciones-perfectas-entre-hermanos-y-los-conflictos-familiares\/\",\"name\":\"Relaciones \u201cperfectas\u201d entre hermanos y los conflictos familiares - Instituto Asgard\",\"isPartOf\":{\"@id\":\"https:\/\/institutoasgard.com\/#website\"},\"primaryImageOfPage\":{\"@id\":\"https:\/\/institutoasgard.com\/index.php\/producto\/relaciones-perfectas-entre-hermanos-y-los-conflictos-familiares\/#primaryimage\"},\"datePublished\":\"2022-05-14T04:27:52+00:00\",\"dateModified\":\"2022-05-14T04:27:52+00:00\",\"description\":\"Toda persona interesadas en comprender y mejorar las relaciones conflictivas con su hermandad\",\"breadcrumb\":{\"@id\":\"https:\/\/institutoasgard.com\/index.php\/producto\/relaciones-perfectas-entre-hermanos-y-los-conflictos-familiares\/#breadcrumb\"},\"inLanguage\":\"es\",\"potentialAction\":[{\"@type\":\"ReadAction\",\"target\":[\"https:\/\/institutoasgard.com\/index.php\/producto\/relaciones-perfectas-entre-hermanos-y-los-conflictos-familiares\/\"]}]},{\"@type\":\"BreadcrumbList\",\"@id\":\"https:\/\/institutoasgard.com\/index.php\/producto\/relaciones-perfectas-entre-hermanos-y-los-conflictos-familiares\/#breadcrumb\",\"itemListElement\":[{\"@type\":\"ListItem\",\"position\":1,\"name\":\"Inicio\",\"item\":\"https:\/\/institutoasgard.com\/\"},{\"@type\":\"ListItem\",\"position\":2,\"name\":\"Relaciones \u201cperfectas\u201d entre hermanos y los conflictos familiares\"}]}]}<\/script>\n<!-- \/ Yoast SEO plugin. -->","yoast_head_json":{"title":"Relaciones \u201cperfectas\u201d entre hermanos y los conflictos familiares - Instituto Asgard","description":"Toda persona interesadas en comprender y mejorar las relaciones conflictivas con su hermandad","robots":{"index":"index","follow":"follow","max-snippet":"max-snippet:-1","max-image-preview":"max-image-preview:large","max-video-preview":"max-video-preview:-1"},"canonical":"https:\/\/institutoasgard.com\/index.php\/producto\/relaciones-perfectas-entre-hermanos-y-los-conflictos-familiares\/","og_locale":"es_ES","og_type":"article","og_title":"Relaciones \u201cperfectas\u201d entre hermanos y los conflictos familiares - Instituto Asgard","og_description":"Toda persona interesadas en comprender y mejorar las relaciones conflictivas con su hermandad","og_url":"https:\/\/institutoasgard.com\/index.php\/producto\/relaciones-perfectas-entre-hermanos-y-los-conflictos-familiares\/","og_site_name":"Instituto Asgard","og_image":[{"width":634,"height":673,"url":"https:\/\/institutoasgard.com\/wp-content\/uploads\/2022\/05\/Taller-10-Hermanos-Beatriz-y-Agatha.jpg","type":"image\/jpeg"}],"twitter_card":"summary_large_image","twitter_misc":{"Tiempo estimado de lectura":"1 minuto"},"schema":{"@context":"https:\/\/schema.org","@graph":[{"@type":"WebSite","@id":"https:\/\/institutoasgard.com\/#website","url":"https:\/\/institutoasgard.com\/","name":"Instituto Asgard","description":"","potentialAction":[{"@type":"SearchAction","target":{"@type":"EntryPoint","urlTemplate":"https:\/\/institutoasgard.com\/?s={search_term_string}"},"query-input":"required name=search_term_string"}],"inLanguage":"es"},{"@type":"ImageObject","inLanguage":"es","@id":"https:\/\/institutoasgard.com\/index.php\/producto\/relaciones-perfectas-entre-hermanos-y-los-conflictos-familiares\/#primaryimage","url":"https:\/\/institutoasgard.com\/wp-content\/uploads\/2022\/05\/Taller-10-Hermanos-Beatriz-y-Agatha.jpg","contentUrl":"https:\/\/institutoasgard.com\/wp-content\/uploads\/2022\/05\/Taller-10-Hermanos-Beatriz-y-Agatha.jpg","width":634,"height":673,"caption":"Taller Relaciones \u201cperfectas\u201d entre hermanos y los conflictos familiares. - Instituto Asgard"},{"@type":"WebPage","@id":"https:\/\/institutoasgard.com\/index.php\/producto\/relaciones-perfectas-entre-hermanos-y-los-conflictos-familiares\/#webpage","url":"https:\/\/institutoasgard.com\/index.php\/producto\/relaciones-perfectas-entre-hermanos-y-los-conflictos-familiares\/","name":"Relaciones \u201cperfectas\u201d entre hermanos y los conflictos familiares - Instituto Asgard","isPartOf":{"@id":"https:\/\/institutoasgard.com\/#website"},"primaryImageOfPage":{"@id":"https:\/\/institutoasgard.com\/index.php\/producto\/relaciones-perfectas-entre-hermanos-y-los-conflictos-familiares\/#primaryimage"},"datePublished":"2022-05-14T04:27:52+00:00","dateModified":"2022-05-14T04:27:52+00:00","description":"Toda persona interesadas en comprender y mejorar las relaciones conflictivas con su hermandad","breadcrumb":{"@id":"https:\/\/institutoasgard.com\/index.php\/producto\/relaciones-perfectas-entre-hermanos-y-los-conflictos-familiares\/#breadcrumb"},"inLanguage":"es","potentialAction":[{"@type":"ReadAction","target":["https:\/\/institutoasgard.com\/index.php\/producto\/relaciones-perfectas-entre-hermanos-y-los-conflictos-familiares\/"]}]},{"@type":"BreadcrumbList","@id":"https:\/\/institutoasgard.com\/index.php\/producto\/relaciones-perfectas-entre-hermanos-y-los-conflictos-familiares\/#breadcrumb","itemListElement":[{"@type":"ListItem","position":1,"name":"Inicio","item":"https:\/\/institutoasgard.com\/"},{"@type":"ListItem","position":2,"name":"Relaciones \u201cperfectas\u201d entre hermanos y los conflictos familiares"}]}]}},"_links":{"self":[{"href":"https:\/\/institutoasgard.com\/index.php\/wp-json\/wp\/v2\/product\/1469","targetHints":{"allow":["GET"]}}],"collection":[{"href":"https:\/\/institutoasgard.com\/index.php\/wp-json\/wp\/v2\/product"}],"about":[{"href":"https:\/\/institutoasgard.com\/index.php\/wp-json\/wp\/v2\/types\/product"}],"replies":[{"embeddable":true,"href":"https:\/\/institutoasgard.com\/index.php\/wp-json\/wp\/v2\/comments?post=1469"}],"wp:featuredmedia":[{"embeddable":true,"href":"https:\/\/institutoasgard.com\/index.php\/wp-json\/wp\/v2\/media\/1470"}],"wp:attachment":[{"href":"https:\/\/institutoasgard.com\/index.php\/wp-json\/wp\/v2\/media?parent=1469"}],"wp:term":[{"taxonomy":"product_cat","embeddable":true,"href":"https:\/\/institutoasgard.com\/index.php\/wp-json\/wp\/v2\/product_cat?post=1469"},{"taxonomy":"product_tag","embeddable":true,"href":"https:\/\/institutoasgard.com\/index.php\/wp-json\/wp\/v2\/product_tag?post=1469"}],"curies":[{"name":"wp","href":"https:\/\/api.w.org\/{rel}","templated":true}]}}