{"id":1588,"date":"2022-05-18T17:15:36","date_gmt":"2022-05-18T21:15:36","guid":{"rendered":"https:\/\/institutoasgard.com\/?post_type=product&#038;p=1588"},"modified":"2022-05-18T17:15:37","modified_gmt":"2022-05-18T21:15:37","slug":"formacion-avanzada-basada-en-los-ordenes-de-la-ayuda","status":"publish","type":"product","link":"https:\/\/institutoasgard.com\/index.php\/producto\/formacion-avanzada-basada-en-los-ordenes-de-la-ayuda\/","title":{"rendered":"Formaci\u00f3n Avanzada basada en los \u00d3rdenes de la Ayuda:"},"content":{"rendered":"<h2 style=\"text-align: center;\"><strong>Para egresados del Instituto Asgard<\/strong><\/h2>\r\n<span style=\"font-weight: 400;\">La Formaci\u00f3n Avanzada indaga en \u201cLos \u00f3rdenes de la ayuda\u201d de Bert Hellinger para comprender el arte de ayudar como profesi\u00f3n. En cada m\u00f3dulo se incluyen importantes herramientas para el diagn\u00f3stico y resoluci\u00f3n en situaciones complicadas.<\/span>\r\n\r\n<span style=\"font-weight: 400;\">Es la doble oportunidad de aprender, crecer y consolidarse como Terapeuta y conectarse con confianza en la intuici\u00f3n, conocimientos y las destrezas adquiridas.\u00a0<\/span>\r\n\r\n<span style=\"font-weight: 400;\">Es una oportunidad de concientizar y trabajar la ayuda honesta y responsable, con uno mismo y con nuestro \u00e1rbol familiar y as\u00ed poder estar preparados para ayudar a otras personas con herramientas de trabajo.<\/span>\r\n\r\nLa formaci\u00f3n esta constituida por 7 m\u00f3dulos con un valor individual, para mas informaci\u00f3n cont\u00e1ctanos info@institutoasgard.com o al (+58) 414-1298475","protected":false},"excerpt":{"rendered":"<h2 style=\"text-align: center;\"><strong>Para egresados del Instituto Asgard<\/strong><\/h2>\n<p><span style=\"font-weight: 400;\">La Formaci\u00f3n Avanzada indaga en \u201cLos \u00f3rdenes de la ayuda\u201d de Bert Hellinger para comprender el arte de ayudar como profesi\u00f3n. En cada m\u00f3dulo se incluyen importantes herramientas para el diagn\u00f3stico y resoluci\u00f3n en situaciones complicadas.<\/span><\/p>\n<p><span style=\"font-weight: 400;\">Es la doble oportunidad de aprender, crecer y consolidarse como Terapeuta y conectarse con confianza en la intuici\u00f3n, conocimientos y las destrezas adquiridas.\u00a0<\/span><\/p>\n<p><span style=\"font-weight: 400;\">Es una oportunidad de concientizar y trabajar la ayuda honesta y responsable, con uno mismo y con nuestro \u00e1rbol familiar y as\u00ed poder estar preparados para ayudar a otras personas con herramientas de trabajo.<\/span><\/p>\n<p>La formaci\u00f3n esta constituida por 7 m\u00f3dulos con un valor individual, para mas informaci\u00f3n cont\u00e1ctanos info@institutoasgard.com o al (+58) 414-1298475<\/p>\n","protected":false},"featured_media":1589,"comment_status":"closed","ping_status":"closed","template":"","meta":[],"product_cat":[21],"product_tag":[],"class_list":["post-1588","product","type-product","status-publish","has-post-thumbnail","hentry","product_cat-formaciones"],"yoast_head":"<!-- This site is optimized with the Yoast SEO plugin v18.8 - https:\/\/yoast.com\/wordpress\/plugins\/seo\/ -->\n<title>Formaci\u00f3n Avanzada basada en los \u00d3rdenes de la Ayuda: - Instituto Asgard<\/title>\n<meta name=\"description\" content=\"La Formaci\u00f3n Avanzada indaga en \u201cLos \u00f3rdenes de la ayuda\u201d de Bert Hellinger para comprender el arte de ayudar como profesi\u00f3n.\" \/>\n<meta name=\"robots\" content=\"index, follow, max-snippet:-1, max-image-preview:large, max-video-preview:-1\" \/>\n<link rel=\"canonical\" href=\"https:\/\/institutoasgard.com\/index.php\/producto\/formacion-avanzada-basada-en-los-ordenes-de-la-ayuda\/\" \/>\n<meta property=\"og:locale\" content=\"es_ES\" \/>\n<meta property=\"og:type\" content=\"article\" \/>\n<meta property=\"og:title\" content=\"Formaci\u00f3n Avanzada basada en los \u00d3rdenes de la Ayuda: - Instituto Asgard\" \/>\n<meta property=\"og:description\" content=\"La Formaci\u00f3n Avanzada indaga en \u201cLos \u00f3rdenes de la ayuda\u201d de Bert Hellinger para comprender el arte de ayudar como profesi\u00f3n.\" \/>\n<meta property=\"og:url\" content=\"https:\/\/institutoasgard.com\/index.php\/producto\/formacion-avanzada-basada-en-los-ordenes-de-la-ayuda\/\" \/>\n<meta property=\"og:site_name\" content=\"Instituto Asgard\" \/>\n<meta property=\"article:modified_time\" content=\"2022-05-18T21:15:37+00:00\" \/>\n<meta property=\"og:image\" content=\"https:\/\/institutoasgard.com\/wp-content\/uploads\/2022\/05\/FORMACION-AVANZADA.jpg\" \/>\n\t<meta property=\"og:image:width\" content=\"600\" \/>\n\t<meta property=\"og:image:height\" content=\"399\" \/>\n\t<meta property=\"og:image:type\" content=\"image\/jpeg\" \/>\n<meta name=\"twitter:card\" content=\"summary_large_image\" \/>\n<meta name=\"twitter:label1\" content=\"Tiempo estimado de lectura\" \/>\n\t<meta name=\"twitter:data1\" content=\"1 minuto\" \/>\n<script type=\"application\/ld+json\" class=\"yoast-schema-graph\">{\"@context\":\"https:\/\/schema.org\",\"@graph\":[{\"@type\":\"WebSite\",\"@id\":\"https:\/\/institutoasgard.com\/#website\",\"url\":\"https:\/\/institutoasgard.com\/\",\"name\":\"Instituto Asgard\",\"description\":\"\",\"potentialAction\":[{\"@type\":\"SearchAction\",\"target\":{\"@type\":\"EntryPoint\",\"urlTemplate\":\"https:\/\/institutoasgard.com\/?s={search_term_string}\"},\"query-input\":\"required name=search_term_string\"}],\"inLanguage\":\"es\"},{\"@type\":\"ImageObject\",\"inLanguage\":\"es\",\"@id\":\"https:\/\/institutoasgard.com\/index.php\/producto\/formacion-avanzada-basada-en-los-ordenes-de-la-ayuda\/#primaryimage\",\"url\":\"https:\/\/institutoasgard.com\/wp-content\/uploads\/2022\/05\/FORMACION-AVANZADA.jpg\",\"contentUrl\":\"https:\/\/institutoasgard.com\/wp-content\/uploads\/2022\/05\/FORMACION-AVANZADA.jpg\",\"width\":600,\"height\":399},{\"@type\":\"WebPage\",\"@id\":\"https:\/\/institutoasgard.com\/index.php\/producto\/formacion-avanzada-basada-en-los-ordenes-de-la-ayuda\/#webpage\",\"url\":\"https:\/\/institutoasgard.com\/index.php\/producto\/formacion-avanzada-basada-en-los-ordenes-de-la-ayuda\/\",\"name\":\"Formaci\u00f3n Avanzada basada en los \u00d3rdenes de la Ayuda: - Instituto Asgard\",\"isPartOf\":{\"@id\":\"https:\/\/institutoasgard.com\/#website\"},\"primaryImageOfPage\":{\"@id\":\"https:\/\/institutoasgard.com\/index.php\/producto\/formacion-avanzada-basada-en-los-ordenes-de-la-ayuda\/#primaryimage\"},\"datePublished\":\"2022-05-18T21:15:36+00:00\",\"dateModified\":\"2022-05-18T21:15:37+00:00\",\"description\":\"La Formaci\u00f3n Avanzada indaga en \u201cLos \u00f3rdenes de la ayuda\u201d de Bert Hellinger para comprender el arte de ayudar como profesi\u00f3n.\",\"breadcrumb\":{\"@id\":\"https:\/\/institutoasgard.com\/index.php\/producto\/formacion-avanzada-basada-en-los-ordenes-de-la-ayuda\/#breadcrumb\"},\"inLanguage\":\"es\",\"potentialAction\":[{\"@type\":\"ReadAction\",\"target\":[\"https:\/\/institutoasgard.com\/index.php\/producto\/formacion-avanzada-basada-en-los-ordenes-de-la-ayuda\/\"]}]},{\"@type\":\"BreadcrumbList\",\"@id\":\"https:\/\/institutoasgard.com\/index.php\/producto\/formacion-avanzada-basada-en-los-ordenes-de-la-ayuda\/#breadcrumb\",\"itemListElement\":[{\"@type\":\"ListItem\",\"position\":1,\"name\":\"Inicio\",\"item\":\"https:\/\/institutoasgard.com\/\"},{\"@type\":\"ListItem\",\"position\":2,\"name\":\"Formaci\u00f3n Avanzada basada en los \u00d3rdenes de la Ayuda:\"}]}]}<\/script>\n<!-- \/ Yoast SEO plugin. -->","yoast_head_json":{"title":"Formaci\u00f3n Avanzada basada en los \u00d3rdenes de la Ayuda: - Instituto Asgard","description":"La Formaci\u00f3n Avanzada indaga en \u201cLos \u00f3rdenes de la ayuda\u201d de Bert Hellinger para comprender el arte de ayudar como profesi\u00f3n.","robots":{"index":"index","follow":"follow","max-snippet":"max-snippet:-1","max-image-preview":"max-image-preview:large","max-video-preview":"max-video-preview:-1"},"canonical":"https:\/\/institutoasgard.com\/index.php\/producto\/formacion-avanzada-basada-en-los-ordenes-de-la-ayuda\/","og_locale":"es_ES","og_type":"article","og_title":"Formaci\u00f3n Avanzada basada en los \u00d3rdenes de la Ayuda: - Instituto Asgard","og_description":"La Formaci\u00f3n Avanzada indaga en \u201cLos \u00f3rdenes de la ayuda\u201d de Bert Hellinger para comprender el arte de ayudar como profesi\u00f3n.","og_url":"https:\/\/institutoasgard.com\/index.php\/producto\/formacion-avanzada-basada-en-los-ordenes-de-la-ayuda\/","og_site_name":"Instituto Asgard","article_modified_time":"2022-05-18T21:15:37+00:00","og_image":[{"width":600,"height":399,"url":"https:\/\/institutoasgard.com\/wp-content\/uploads\/2022\/05\/FORMACION-AVANZADA.jpg","type":"image\/jpeg"}],"twitter_card":"summary_large_image","twitter_misc":{"Tiempo estimado de lectura":"1 minuto"},"schema":{"@context":"https:\/\/schema.org","@graph":[{"@type":"WebSite","@id":"https:\/\/institutoasgard.com\/#website","url":"https:\/\/institutoasgard.com\/","name":"Instituto Asgard","description":"","potentialAction":[{"@type":"SearchAction","target":{"@type":"EntryPoint","urlTemplate":"https:\/\/institutoasgard.com\/?s={search_term_string}"},"query-input":"required name=search_term_string"}],"inLanguage":"es"},{"@type":"ImageObject","inLanguage":"es","@id":"https:\/\/institutoasgard.com\/index.php\/producto\/formacion-avanzada-basada-en-los-ordenes-de-la-ayuda\/#primaryimage","url":"https:\/\/institutoasgard.com\/wp-content\/uploads\/2022\/05\/FORMACION-AVANZADA.jpg","contentUrl":"https:\/\/institutoasgard.com\/wp-content\/uploads\/2022\/05\/FORMACION-AVANZADA.jpg","width":600,"height":399},{"@type":"WebPage","@id":"https:\/\/institutoasgard.com\/index.php\/producto\/formacion-avanzada-basada-en-los-ordenes-de-la-ayuda\/#webpage","url":"https:\/\/institutoasgard.com\/index.php\/producto\/formacion-avanzada-basada-en-los-ordenes-de-la-ayuda\/","name":"Formaci\u00f3n Avanzada basada en los \u00d3rdenes de la Ayuda: - Instituto Asgard","isPartOf":{"@id":"https:\/\/institutoasgard.com\/#website"},"primaryImageOfPage":{"@id":"https:\/\/institutoasgard.com\/index.php\/producto\/formacion-avanzada-basada-en-los-ordenes-de-la-ayuda\/#primaryimage"},"datePublished":"2022-05-18T21:15:36+00:00","dateModified":"2022-05-18T21:15:37+00:00","description":"La Formaci\u00f3n Avanzada indaga en \u201cLos \u00f3rdenes de la ayuda\u201d de Bert Hellinger para comprender el arte de ayudar como profesi\u00f3n.","breadcrumb":{"@id":"https:\/\/institutoasgard.com\/index.php\/producto\/formacion-avanzada-basada-en-los-ordenes-de-la-ayuda\/#breadcrumb"},"inLanguage":"es","potentialAction":[{"@type":"ReadAction","target":["https:\/\/institutoasgard.com\/index.php\/producto\/formacion-avanzada-basada-en-los-ordenes-de-la-ayuda\/"]}]},{"@type":"BreadcrumbList","@id":"https:\/\/institutoasgard.com\/index.php\/producto\/formacion-avanzada-basada-en-los-ordenes-de-la-ayuda\/#breadcrumb","itemListElement":[{"@type":"ListItem","position":1,"name":"Inicio","item":"https:\/\/institutoasgard.com\/"},{"@type":"ListItem","position":2,"name":"Formaci\u00f3n Avanzada basada en los \u00d3rdenes de la Ayuda:"}]}]}},"_links":{"self":[{"href":"https:\/\/institutoasgard.com\/index.php\/wp-json\/wp\/v2\/product\/1588","targetHints":{"allow":["GET"]}}],"collection":[{"href":"https:\/\/institutoasgard.com\/index.php\/wp-json\/wp\/v2\/product"}],"about":[{"href":"https:\/\/institutoasgard.com\/index.php\/wp-json\/wp\/v2\/types\/product"}],"replies":[{"embeddable":true,"href":"https:\/\/institutoasgard.com\/index.php\/wp-json\/wp\/v2\/comments?post=1588"}],"wp:featuredmedia":[{"embeddable":true,"href":"https:\/\/institutoasgard.com\/index.php\/wp-json\/wp\/v2\/media\/1589"}],"wp:attachment":[{"href":"https:\/\/institutoasgard.com\/index.php\/wp-json\/wp\/v2\/media?parent=1588"}],"wp:term":[{"taxonomy":"product_cat","embeddable":true,"href":"https:\/\/institutoasgard.com\/index.php\/wp-json\/wp\/v2\/product_cat?post=1588"},{"taxonomy":"product_tag","embeddable":true,"href":"https:\/\/institutoasgard.com\/index.php\/wp-json\/wp\/v2\/product_tag?post=1588"}],"curies":[{"name":"wp","href":"https:\/\/api.w.org\/{rel}","templated":true}]}}