{"id":1675,"date":"2022-07-08T16:36:20","date_gmt":"2022-07-08T20:36:20","guid":{"rendered":"https:\/\/institutoasgard.com\/?post_type=product&#038;p=1675"},"modified":"2022-07-08T16:50:42","modified_gmt":"2022-07-08T20:50:42","slug":"taller-buscando-a-papa","status":"publish","type":"product","link":"https:\/\/institutoasgard.com\/index.php\/producto\/taller-buscando-a-papa\/","title":{"rendered":"Taller: Buscando a pap\u00e1"},"content":{"rendered":"<strong>Dirigido a:<\/strong> hombres y mujeres que busquen mejorar su relaci\u00f3n con Pap\u00e1.\r\n<ul>\r\n \t<li><strong>Modalidad:<\/strong> Presencial.<\/li>\r\n \t<li><strong>Duraci\u00f3n:<\/strong> 4 horas.<\/li>\r\n<\/ul>\r\n<strong>Facilitadora:<\/strong> Astrid Kassert. Directora del Instituto Asgard.\r\n\r\n<a href=\"http:\/\/@ordensistemico\">http:\/\/@ordensistemico<\/a>\r\n\r\n<strong>Inversi\u00f3n:\u00a0<\/strong>$40 por persona, promoci\u00f3n: $60 parejas \/ 2 amigos.\r\n\r\n&nbsp;\r\n\r\n&nbsp;","protected":false},"excerpt":{"rendered":"<p>Dirigido a: hombres y mujeres que busquen mejorar su relaci\u00f3n con Pap\u00e1.<\/p>\n<p>Una gran oportunidad&#8230;<\/p>\n","protected":false},"featured_media":1676,"comment_status":"closed","ping_status":"closed","template":"","meta":[],"product_cat":[18],"product_tag":[],"class_list":["post-1675","product","type-product","status-publish","has-post-thumbnail","hentry","product_cat-talleres"],"yoast_head":"<!-- This site is optimized with the Yoast SEO plugin v18.8 - https:\/\/yoast.com\/wordpress\/plugins\/seo\/ -->\n<title>Taller: Buscando a pap\u00e1 - Instituto Asgard<\/title>\n<meta name=\"description\" content=\"Dirigido a hombres y mujeres que busquen mejorar la relaci\u00f3n con pap\u00e1.\" \/>\n<meta name=\"robots\" content=\"index, follow, max-snippet:-1, max-image-preview:large, max-video-preview:-1\" \/>\n<link rel=\"canonical\" href=\"https:\/\/institutoasgard.com\/index.php\/producto\/taller-buscando-a-papa\/\" \/>\n<meta property=\"og:locale\" content=\"es_ES\" \/>\n<meta property=\"og:type\" content=\"article\" \/>\n<meta property=\"og:title\" content=\"Taller: Buscando a pap\u00e1 - Instituto Asgard\" \/>\n<meta property=\"og:description\" content=\"Dirigido a hombres y mujeres que busquen mejorar la relaci\u00f3n con pap\u00e1.\" \/>\n<meta property=\"og:url\" content=\"https:\/\/institutoasgard.com\/index.php\/producto\/taller-buscando-a-papa\/\" \/>\n<meta property=\"og:site_name\" content=\"Instituto Asgard\" \/>\n<meta property=\"article:modified_time\" content=\"2022-07-08T20:50:42+00:00\" \/>\n<meta property=\"og:image\" content=\"https:\/\/institutoasgard.com\/wp-content\/uploads\/2022\/07\/Buscando-a-papa-Flyer.jpg\" \/>\n\t<meta property=\"og:image:width\" content=\"717\" \/>\n\t<meta property=\"og:image:height\" content=\"717\" \/>\n\t<meta property=\"og:image:type\" content=\"image\/jpeg\" \/>\n<meta name=\"twitter:card\" content=\"summary_large_image\" \/>\n<meta name=\"twitter:label1\" content=\"Tiempo estimado de lectura\" \/>\n\t<meta name=\"twitter:data1\" content=\"1 minuto\" \/>\n<script type=\"application\/ld+json\" class=\"yoast-schema-graph\">{\"@context\":\"https:\/\/schema.org\",\"@graph\":[{\"@type\":\"WebSite\",\"@id\":\"https:\/\/institutoasgard.com\/#website\",\"url\":\"https:\/\/institutoasgard.com\/\",\"name\":\"Instituto Asgard\",\"description\":\"\",\"potentialAction\":[{\"@type\":\"SearchAction\",\"target\":{\"@type\":\"EntryPoint\",\"urlTemplate\":\"https:\/\/institutoasgard.com\/?s={search_term_string}\"},\"query-input\":\"required name=search_term_string\"}],\"inLanguage\":\"es\"},{\"@type\":\"ImageObject\",\"inLanguage\":\"es\",\"@id\":\"https:\/\/institutoasgard.com\/index.php\/producto\/taller-buscando-a-papa\/#primaryimage\",\"url\":\"https:\/\/institutoasgard.com\/wp-content\/uploads\/2022\/07\/Buscando-a-papa-Flyer.jpg\",\"contentUrl\":\"https:\/\/institutoasgard.com\/wp-content\/uploads\/2022\/07\/Buscando-a-papa-Flyer.jpg\",\"width\":717,\"height\":717},{\"@type\":\"WebPage\",\"@id\":\"https:\/\/institutoasgard.com\/index.php\/producto\/taller-buscando-a-papa\/#webpage\",\"url\":\"https:\/\/institutoasgard.com\/index.php\/producto\/taller-buscando-a-papa\/\",\"name\":\"Taller: Buscando a pap\u00e1 - Instituto Asgard\",\"isPartOf\":{\"@id\":\"https:\/\/institutoasgard.com\/#website\"},\"primaryImageOfPage\":{\"@id\":\"https:\/\/institutoasgard.com\/index.php\/producto\/taller-buscando-a-papa\/#primaryimage\"},\"datePublished\":\"2022-07-08T20:36:20+00:00\",\"dateModified\":\"2022-07-08T20:50:42+00:00\",\"description\":\"Dirigido a hombres y mujeres que busquen mejorar la relaci\u00f3n con pap\u00e1.\",\"breadcrumb\":{\"@id\":\"https:\/\/institutoasgard.com\/index.php\/producto\/taller-buscando-a-papa\/#breadcrumb\"},\"inLanguage\":\"es\",\"potentialAction\":[{\"@type\":\"ReadAction\",\"target\":[\"https:\/\/institutoasgard.com\/index.php\/producto\/taller-buscando-a-papa\/\"]}]},{\"@type\":\"BreadcrumbList\",\"@id\":\"https:\/\/institutoasgard.com\/index.php\/producto\/taller-buscando-a-papa\/#breadcrumb\",\"itemListElement\":[{\"@type\":\"ListItem\",\"position\":1,\"name\":\"Inicio\",\"item\":\"https:\/\/institutoasgard.com\/\"},{\"@type\":\"ListItem\",\"position\":2,\"name\":\"Taller: Buscando a pap\u00e1\"}]}]}<\/script>\n<!-- \/ Yoast SEO plugin. -->","yoast_head_json":{"title":"Taller: Buscando a pap\u00e1 - Instituto Asgard","description":"Dirigido a hombres y mujeres que busquen mejorar la relaci\u00f3n con pap\u00e1.","robots":{"index":"index","follow":"follow","max-snippet":"max-snippet:-1","max-image-preview":"max-image-preview:large","max-video-preview":"max-video-preview:-1"},"canonical":"https:\/\/institutoasgard.com\/index.php\/producto\/taller-buscando-a-papa\/","og_locale":"es_ES","og_type":"article","og_title":"Taller: Buscando a pap\u00e1 - Instituto Asgard","og_description":"Dirigido a hombres y mujeres que busquen mejorar la relaci\u00f3n con pap\u00e1.","og_url":"https:\/\/institutoasgard.com\/index.php\/producto\/taller-buscando-a-papa\/","og_site_name":"Instituto Asgard","article_modified_time":"2022-07-08T20:50:42+00:00","og_image":[{"width":717,"height":717,"url":"https:\/\/institutoasgard.com\/wp-content\/uploads\/2022\/07\/Buscando-a-papa-Flyer.jpg","type":"image\/jpeg"}],"twitter_card":"summary_large_image","twitter_misc":{"Tiempo estimado de lectura":"1 minuto"},"schema":{"@context":"https:\/\/schema.org","@graph":[{"@type":"WebSite","@id":"https:\/\/institutoasgard.com\/#website","url":"https:\/\/institutoasgard.com\/","name":"Instituto Asgard","description":"","potentialAction":[{"@type":"SearchAction","target":{"@type":"EntryPoint","urlTemplate":"https:\/\/institutoasgard.com\/?s={search_term_string}"},"query-input":"required name=search_term_string"}],"inLanguage":"es"},{"@type":"ImageObject","inLanguage":"es","@id":"https:\/\/institutoasgard.com\/index.php\/producto\/taller-buscando-a-papa\/#primaryimage","url":"https:\/\/institutoasgard.com\/wp-content\/uploads\/2022\/07\/Buscando-a-papa-Flyer.jpg","contentUrl":"https:\/\/institutoasgard.com\/wp-content\/uploads\/2022\/07\/Buscando-a-papa-Flyer.jpg","width":717,"height":717},{"@type":"WebPage","@id":"https:\/\/institutoasgard.com\/index.php\/producto\/taller-buscando-a-papa\/#webpage","url":"https:\/\/institutoasgard.com\/index.php\/producto\/taller-buscando-a-papa\/","name":"Taller: Buscando a pap\u00e1 - Instituto Asgard","isPartOf":{"@id":"https:\/\/institutoasgard.com\/#website"},"primaryImageOfPage":{"@id":"https:\/\/institutoasgard.com\/index.php\/producto\/taller-buscando-a-papa\/#primaryimage"},"datePublished":"2022-07-08T20:36:20+00:00","dateModified":"2022-07-08T20:50:42+00:00","description":"Dirigido a hombres y mujeres que busquen mejorar la relaci\u00f3n con pap\u00e1.","breadcrumb":{"@id":"https:\/\/institutoasgard.com\/index.php\/producto\/taller-buscando-a-papa\/#breadcrumb"},"inLanguage":"es","potentialAction":[{"@type":"ReadAction","target":["https:\/\/institutoasgard.com\/index.php\/producto\/taller-buscando-a-papa\/"]}]},{"@type":"BreadcrumbList","@id":"https:\/\/institutoasgard.com\/index.php\/producto\/taller-buscando-a-papa\/#breadcrumb","itemListElement":[{"@type":"ListItem","position":1,"name":"Inicio","item":"https:\/\/institutoasgard.com\/"},{"@type":"ListItem","position":2,"name":"Taller: Buscando a pap\u00e1"}]}]}},"_links":{"self":[{"href":"https:\/\/institutoasgard.com\/index.php\/wp-json\/wp\/v2\/product\/1675","targetHints":{"allow":["GET"]}}],"collection":[{"href":"https:\/\/institutoasgard.com\/index.php\/wp-json\/wp\/v2\/product"}],"about":[{"href":"https:\/\/institutoasgard.com\/index.php\/wp-json\/wp\/v2\/types\/product"}],"replies":[{"embeddable":true,"href":"https:\/\/institutoasgard.com\/index.php\/wp-json\/wp\/v2\/comments?post=1675"}],"wp:featuredmedia":[{"embeddable":true,"href":"https:\/\/institutoasgard.com\/index.php\/wp-json\/wp\/v2\/media\/1676"}],"wp:attachment":[{"href":"https:\/\/institutoasgard.com\/index.php\/wp-json\/wp\/v2\/media?parent=1675"}],"wp:term":[{"taxonomy":"product_cat","embeddable":true,"href":"https:\/\/institutoasgard.com\/index.php\/wp-json\/wp\/v2\/product_cat?post=1675"},{"taxonomy":"product_tag","embeddable":true,"href":"https:\/\/institutoasgard.com\/index.php\/wp-json\/wp\/v2\/product_tag?post=1675"}],"curies":[{"name":"wp","href":"https:\/\/api.w.org\/{rel}","templated":true}]}}